{"id":112,"date":"2025-03-02T19:33:53","date_gmt":"2025-03-02T19:33:53","guid":{"rendered":"https:\/\/zspnowabrzeznica.pl\/?page_id=112"},"modified":"2025-05-31T19:48:25","modified_gmt":"2025-05-31T19:48:25","slug":"dzwonki-i-posilki","status":"publish","type":"page","link":"https:\/\/zspnowabrzeznica.pl\/index.php\/dzwonki-i-posilki\/","title":{"rendered":"Dzwonki i posi\u0142ki"},"content":{"rendered":"\n<p class=\"has-text-align-center\"><strong>wykaz dzwonk\u00f3w i posi\u0142k\u00f3w<\/strong><\/p>\n\n\n\n<figure class=\"wp-block-table aligncenter is-style-stripes\"><table class=\"has-fixed-layout\" align=\"center\"><tbody><tr><td class=\"has-text-align-center\" data-align=\"center\"><strong>1. LEKCJA: 8.15 &#8211; 9.00<\/strong><\/td><\/tr><tr><td class=\"has-text-align-center\" data-align=\"center\"><em>HERBATA DLA UCZNI\u00d3W KLAS I-III<\/em><\/td><\/tr><tr><td class=\"has-text-align-center\" data-align=\"center\"><strong>2. LEKCJA: 9.10 -9.55<\/strong><\/td><\/tr><tr><td class=\"has-text-align-center\" data-align=\"center\"><em>HERBATA DLA UCZNI\u00d3W KLAS IV-VI<\/em><\/td><\/tr><tr><td class=\"has-text-align-center\" data-align=\"center\"><strong>3. LEKCJA: 10.05 &#8211; 10.50<\/strong><\/td><\/tr><tr><td class=\"has-text-align-center\" data-align=\"center\"><em>OBIAD DLA UCZNI\u00d3W KLAS I-III<\/em><\/td><\/tr><tr><td class=\"has-text-align-center\" data-align=\"center\"><strong>4. LEKCJA: 11.05 &#8211; 11.50<\/strong><\/td><\/tr><tr><td class=\"has-text-align-center\" data-align=\"center\"><em>OBIAD DLA UCZNI\u00d3W KLAS IV-VIII<\/em><\/td><\/tr><tr><td class=\"has-text-align-center\" data-align=\"center\"><strong>5. LEKCJA: 12.05 &#8211; 12.50<\/strong><\/td><\/tr><tr><td class=\"has-text-align-center\" data-align=\"center\"><em>ODWOZY<\/em><\/td><\/tr><tr><td class=\"has-text-align-center\" data-align=\"center\"><strong>6. LEKCJA: 13.00 &#8211; 13.45<\/strong><\/td><\/tr><tr><td class=\"has-text-align-center\" data-align=\"center\"><em>ODWOZY<\/em><\/td><\/tr><tr><td class=\"has-text-align-center\" data-align=\"center\"><strong>7. LEKCJA: 13.50 &#8211; 14.35<\/strong><\/td><\/tr><tr><td class=\"has-text-align-center\" data-align=\"center\"><em>ODWOZY<\/em><\/td><\/tr><tr><td class=\"has-text-align-center\" data-align=\"center\"><strong>8. LEKCJA: 14.40 &#8211; 15.25<\/strong><\/td><\/tr><tr><td class=\"has-text-align-center\" data-align=\"center\"><em>ODWOZY<\/em><\/td><\/tr><\/tbody><\/table><\/figure>\n","protected":false},"excerpt":{"rendered":"<p>wykaz dzwonk\u00f3w i posi\u0142k\u00f3w 1. LEKCJA: 8.15 &#8211; 9.00 HERBATA DLA UCZNI\u00d3W KLAS I-III 2. LEKCJA: 9.10 -9.55 HERBATA DLA [&hellip;]<\/p>\n","protected":false},"author":1,"featured_media":1401,"parent":0,"menu_order":0,"comment_status":"closed","ping_status":"closed","template":"","meta":{"ngg_post_thumbnail":0,"footnotes":""},"class_list":["post-112","page","type-page","status-publish","has-post-thumbnail","hentry"],"_links":{"self":[{"href":"https:\/\/zspnowabrzeznica.pl\/index.php\/wp-json\/wp\/v2\/pages\/112","targetHints":{"allow":["GET"]}}],"collection":[{"href":"https:\/\/zspnowabrzeznica.pl\/index.php\/wp-json\/wp\/v2\/pages"}],"about":[{"href":"https:\/\/zspnowabrzeznica.pl\/index.php\/wp-json\/wp\/v2\/types\/page"}],"author":[{"embeddable":true,"href":"https:\/\/zspnowabrzeznica.pl\/index.php\/wp-json\/wp\/v2\/users\/1"}],"replies":[{"embeddable":true,"href":"https:\/\/zspnowabrzeznica.pl\/index.php\/wp-json\/wp\/v2\/comments?post=112"}],"version-history":[{"count":13,"href":"https:\/\/zspnowabrzeznica.pl\/index.php\/wp-json\/wp\/v2\/pages\/112\/revisions"}],"predecessor-version":[{"id":940,"href":"https:\/\/zspnowabrzeznica.pl\/index.php\/wp-json\/wp\/v2\/pages\/112\/revisions\/940"}],"wp:featuredmedia":[{"embeddable":true,"href":"https:\/\/zspnowabrzeznica.pl\/index.php\/wp-json\/wp\/v2\/media\/1401"}],"wp:attachment":[{"href":"https:\/\/zspnowabrzeznica.pl\/index.php\/wp-json\/wp\/v2\/media?parent=112"}],"curies":[{"name":"wp","href":"https:\/\/api.w.org\/{rel}","templated":true}]}}