{"id":1328,"date":"2025-05-30T08:45:38","date_gmt":"2025-05-30T08:45:38","guid":{"rendered":"https:\/\/zspnowabrzeznica.pl\/?page_id=1328"},"modified":"2026-04-27T09:51:24","modified_gmt":"2026-04-27T09:51:24","slug":"zbiorka-elektroodpadow","status":"publish","type":"page","link":"https:\/\/zspnowabrzeznica.pl\/index.php\/zbiorka-elektroodpadow\/","title":{"rendered":"Wszystkie Dzieci zbieraj\u0105 elektro\u015bmieci"},"content":{"rendered":"<div class=\"wp-block-image\">\n<figure class=\"aligncenter size-full\"><img loading=\"lazy\" decoding=\"async\" width=\"787\" height=\"878\" src=\"https:\/\/zspnowabrzeznica.pl\/wp-content\/uploads\/2026\/04\/2025-04-27_smieci1.jpg\" alt=\"\" class=\"wp-image-4413\" srcset=\"https:\/\/zspnowabrzeznica.pl\/wp-content\/uploads\/2026\/04\/2025-04-27_smieci1.jpg 787w, https:\/\/zspnowabrzeznica.pl\/wp-content\/uploads\/2026\/04\/2025-04-27_smieci1-269x300.jpg 269w, https:\/\/zspnowabrzeznica.pl\/wp-content\/uploads\/2026\/04\/2025-04-27_smieci1-768x857.jpg 768w, https:\/\/zspnowabrzeznica.pl\/wp-content\/uploads\/2026\/04\/2025-04-27_smieci1-22x24.jpg 22w, https:\/\/zspnowabrzeznica.pl\/wp-content\/uploads\/2026\/04\/2025-04-27_smieci1-32x36.jpg 32w, https:\/\/zspnowabrzeznica.pl\/wp-content\/uploads\/2026\/04\/2025-04-27_smieci1-63x70.jpg 63w\" sizes=\"auto, (max-width: 787px) 100vw, 787px\" \/><\/figure>\n<\/div>\n\n\n<p class=\"has-text-align-center\">Nasza szko\u0142a przyst\u0105pi\u0142a do projektu ekologicznego &#8222;Wszystkie Dzieci zbieraj\u0105 elektro\u015bmieci&#8221;. Celem akcji jest podniesienie \u015bwiadomo\u015bci ekologicznej Dzieci i M\u0142odzie\u017cy oraz edukacja w zakresie w\u0142a\u015bciwego gospodarowania odpadami.<\/p>\n","protected":false},"excerpt":{"rendered":"<p>Nasza szko\u0142a przyst\u0105pi\u0142a do projektu ekologicznego &#8222;Wszystkie Dzieci zbieraj\u0105 elektro\u015bmieci&#8221;. Celem akcji jest podniesienie \u015bwiadomo\u015bci ekologicznej Dzieci i M\u0142odzie\u017cy oraz [&hellip;]<\/p>\n","protected":false},"author":1,"featured_media":4419,"parent":0,"menu_order":0,"comment_status":"closed","ping_status":"closed","template":"","meta":{"ngg_post_thumbnail":0,"footnotes":""},"class_list":["post-1328","page","type-page","status-publish","has-post-thumbnail","hentry"],"_links":{"self":[{"href":"https:\/\/zspnowabrzeznica.pl\/index.php\/wp-json\/wp\/v2\/pages\/1328","targetHints":{"allow":["GET"]}}],"collection":[{"href":"https:\/\/zspnowabrzeznica.pl\/index.php\/wp-json\/wp\/v2\/pages"}],"about":[{"href":"https:\/\/zspnowabrzeznica.pl\/index.php\/wp-json\/wp\/v2\/types\/page"}],"author":[{"embeddable":true,"href":"https:\/\/zspnowabrzeznica.pl\/index.php\/wp-json\/wp\/v2\/users\/1"}],"replies":[{"embeddable":true,"href":"https:\/\/zspnowabrzeznica.pl\/index.php\/wp-json\/wp\/v2\/comments?post=1328"}],"version-history":[{"count":36,"href":"https:\/\/zspnowabrzeznica.pl\/index.php\/wp-json\/wp\/v2\/pages\/1328\/revisions"}],"predecessor-version":[{"id":4416,"href":"https:\/\/zspnowabrzeznica.pl\/index.php\/wp-json\/wp\/v2\/pages\/1328\/revisions\/4416"}],"wp:featuredmedia":[{"embeddable":true,"href":"https:\/\/zspnowabrzeznica.pl\/index.php\/wp-json\/wp\/v2\/media\/4419"}],"wp:attachment":[{"href":"https:\/\/zspnowabrzeznica.pl\/index.php\/wp-json\/wp\/v2\/media?parent=1328"}],"curies":[{"name":"wp","href":"https:\/\/api.w.org\/{rel}","templated":true}]}}