{"id":133,"date":"2025-03-02T20:32:08","date_gmt":"2025-03-02T20:32:08","guid":{"rendered":"https:\/\/zspnowabrzeznica.pl\/?page_id=133"},"modified":"2025-09-04T18:33:46","modified_gmt":"2025-09-04T18:33:46","slug":"konsultacje-nauczycieli","status":"publish","type":"page","link":"https:\/\/zspnowabrzeznica.pl\/index.php\/konsultacje-nauczycieli\/","title":{"rendered":"Konsultacje nauczycieli"},"content":{"rendered":"\n<p class=\"has-text-align-center\"><strong>terminy konsultacji<\/strong> &#8211; strona w trakcie aktualizacji<\/p>\n\n\n\n<figure class=\"wp-block-table aligncenter is-style-stripes\"><table><tbody><tr><td><strong>Lp.<\/strong><\/td><td>I<strong>mi\u0119 i nazwisko nauczyciela<\/strong><\/td><td class=\"has-text-align-center\" data-align=\"center\"><strong>Dzie\u0144 tygodnia<\/strong><\/td><td class=\"has-text-align-center\" data-align=\"center\"><strong>Czas trwania<\/strong><\/td><\/tr><tr><td>1<\/td><td>Anna Szewczyk<\/td><td class=\"has-text-align-center\" data-align=\"center\">wtorek<\/td><td class=\"has-text-align-center\" data-align=\"center\">13.00 &#8211; 14.00<\/td><\/tr><tr><td>2<\/td><td>El\u017cbieta B\u0105k<\/td><td class=\"has-text-align-center\" data-align=\"center\">\u015broda<\/td><td class=\"has-text-align-center\" data-align=\"center\">11.00 -12.00<\/td><\/tr><tr><td>3<\/td><td>Magdalena Bilska<\/td><td class=\"has-text-align-center\" data-align=\"center\">\u015broda<\/td><td class=\"has-text-align-center\" data-align=\"center\">12.00 &#8211; 13.00<\/td><\/tr><tr><td>4<\/td><td>Agnieszka B\u0142aszczyk<\/td><td class=\"has-text-align-center\" data-align=\"center\">poniedzia\u0142ek<br>wtorek<\/td><td class=\"has-text-align-center\" data-align=\"center\">7.30 &#8211; 8.00<br>7.30 &#8211; 8.00<\/td><\/tr><tr><td>5<\/td><td>Justyna Buczy\u0144ska<\/td><td class=\"has-text-align-center\" data-align=\"center\">poniedzia\u0142ek<\/td><td class=\"has-text-align-center\" data-align=\"center\">12.00 &#8211; 13.00<\/td><\/tr><tr><td>6<\/td><td>Katarzyna Czarneta<\/td><td class=\"has-text-align-center\" data-align=\"center\">wtorek<br>\u015broda<\/td><td class=\"has-text-align-center\" data-align=\"center\">14.00 &#8211; 14.30<br>15.00 &#8211; 15.30<\/td><\/tr><tr><td>7<\/td><td>Ks. Marek Galec<\/td><td class=\"has-text-align-center\" data-align=\"center\">\u015broda<\/td><td class=\"has-text-align-center\" data-align=\"center\">10.00 &#8211; 10.30<\/td><\/tr><tr><td>8<\/td><td>Ewa Dyga\u015b<\/td><td class=\"has-text-align-center\" data-align=\"center\">wtorek<\/td><td class=\"has-text-align-center\" data-align=\"center\">12.00 &#8211; 13.00<\/td><\/tr><tr><td>9<\/td><td>Alina Jab\u0142o\u0144ska<\/td><td class=\"has-text-align-center\" data-align=\"center\">czwartek<\/td><td class=\"has-text-align-center\" data-align=\"center\">13.30 &#8211; 14.00<\/td><\/tr><tr><td>10<\/td><td>Anna Kielasi\u0144ska<\/td><td class=\"has-text-align-center\" data-align=\"center\">pi\u0105tek<\/td><td class=\"has-text-align-center\" data-align=\"center\">11.05 &#8211; 12.05<\/td><\/tr><tr><td><\/td><td><\/td><td class=\"has-text-align-center\" data-align=\"center\"><\/td><td class=\"has-text-align-center\" data-align=\"center\"><\/td><\/tr><tr><td>11<\/td><td>Marcin Kmie\u0107<\/td><td class=\"has-text-align-center\" data-align=\"center\">pi\u0105tek<\/td><td class=\"has-text-align-center\" data-align=\"center\">9.00 &#8211; 10.00<\/td><\/tr><tr><td>12<\/td><td>Maria Kopera<\/td><td class=\"has-text-align-center\" data-align=\"center\">poniedzia\u0142ek<\/td><td class=\"has-text-align-center\" data-align=\"center\">8.00 &#8211; 9.00<\/td><\/tr><tr><td>13<\/td><td>Agnieszka Kozi\u0144ska<\/td><td class=\"has-text-align-center\" data-align=\"center\">\u015broda<\/td><td class=\"has-text-align-center\" data-align=\"center\">12.00 &#8211; 13.00<\/td><\/tr><tr><td>14<\/td><td>Agnieszka Krajewska<\/td><td class=\"has-text-align-center\" data-align=\"center\">czwartek<\/td><td class=\"has-text-align-center\" data-align=\"center\">11.50 &#8211; 12.50<\/td><\/tr><tr><td>15<\/td><td>Joanna Krukowska<\/td><td class=\"has-text-align-center\" data-align=\"center\">pi\u0105tek<\/td><td class=\"has-text-align-center\" data-align=\"center\">9.00 &#8211; 10.00<\/td><\/tr><tr><td>16<\/td><td>Iwona Kwa\u015bniak<\/td><td class=\"has-text-align-center\" data-align=\"center\">czwartek<\/td><td class=\"has-text-align-center\" data-align=\"center\">11.00 &#8211; 12.00<\/td><\/tr><tr><td>17<\/td><td>Arkadiusz Le\u015bniewski<\/td><td class=\"has-text-align-center\" data-align=\"center\">\u015broda<\/td><td class=\"has-text-align-center\" data-align=\"center\">10.00 &#8211; 11.00<\/td><\/tr><tr><td>18<\/td><td>Iwona Majewska<\/td><td class=\"has-text-align-center\" data-align=\"center\">poniedzia\u0142ek<br>wtorek<\/td><td class=\"has-text-align-center\" data-align=\"center\">11.30 &#8211; 12.00 Nowa Brze\u017anica<br>11.30 &#8211; 12.00 Dubidze<\/td><\/tr><tr><td>19<\/td><td>Agnieszka Mesjasz<\/td><td class=\"has-text-align-center\" data-align=\"center\">wtorek<\/td><td class=\"has-text-align-center\" data-align=\"center\">8.00 &#8211; 9.00<br>Dworszowice Ko\u015bcielne<\/td><\/tr><tr><td>20<\/td><td>Ma\u0142gorzata Mesjasz<\/td><td class=\"has-text-align-center\" data-align=\"center\">\u015broda<\/td><td class=\"has-text-align-center\" data-align=\"center\">9.00 &#8211; 10.00<\/td><\/tr><tr><td>21<\/td><td>Ewa Misztela<\/td><td class=\"has-text-align-center\" data-align=\"center\">poniedzia\u0142ek<\/td><td class=\"has-text-align-center\" data-align=\"center\">9.00 &#8211; 10.00<\/td><\/tr><tr><td>22<\/td><td>Bo\u017cena Molska<\/td><td class=\"has-text-align-center\" data-align=\"center\">poniedzia\u0142ek<\/td><td class=\"has-text-align-center\" data-align=\"center\">11.05 &#8211; 12.05<\/td><\/tr><tr><td>23<\/td><td>Barbara Morga<\/td><td class=\"has-text-align-center\" data-align=\"center\">poniedzia\u0142ek<\/td><td class=\"has-text-align-center\" data-align=\"center\">10.00 &#8211; 11.00<\/td><\/tr><tr><td>24<\/td><td>Paulina Musia\u0142<\/td><td class=\"has-text-align-center\" data-align=\"center\">poniedzia\u0142ek<\/td><td class=\"has-text-align-center\" data-align=\"center\">12.40 &#8211; 13.40<\/td><\/tr><tr><td>25<\/td><td>Ireneusz Og\u00f3rowski<\/td><td class=\"has-text-align-center\" data-align=\"center\">\u015broda<\/td><td class=\"has-text-align-center\" data-align=\"center\">10.00 &#8211; 11.00<\/td><\/tr><tr><td>26<\/td><td>Adrianna Olczak<\/td><td class=\"has-text-align-center\" data-align=\"center\">czwartek<\/td><td class=\"has-text-align-center\" data-align=\"center\">9.00 &#8211; 10.00<\/td><\/tr><tr><td>27<\/td><td>Aleksandra Pierzga\u0142a<\/td><td class=\"has-text-align-center\" data-align=\"center\">wtorek<\/td><td class=\"has-text-align-center\" data-align=\"center\">10.00 &#8211; 11.00<\/td><\/tr><tr><td>28<\/td><td>Jolanta Prudlak<\/td><td class=\"has-text-align-center\" data-align=\"center\">wtorek<\/td><td class=\"has-text-align-center\" data-align=\"center\">10.00 &#8211; 11.00<\/td><\/tr><tr><td>29<\/td><td>Przemys\u0142aw Psztyr<\/td><td class=\"has-text-align-center\" data-align=\"center\">poniedzia\u0142ek<\/td><td class=\"has-text-align-center\" data-align=\"center\">10.00 &#8211; 11.00<\/td><\/tr><tr><td>30<\/td><td>Agata Rak<\/td><td class=\"has-text-align-center\" data-align=\"center\">poniedzia\u0142ek<\/td><td class=\"has-text-align-center\" data-align=\"center\">11.00 &#8211; 12.00<\/td><\/tr><tr><td>31<\/td><td>Justyna Re\u0142kowska<\/td><td class=\"has-text-align-center\" data-align=\"center\">wtorek<\/td><td class=\"has-text-align-center\" data-align=\"center\">11.00 &#8211; 12.00<\/td><\/tr><tr><td>32<\/td><td>Beata S\u0142omczy\u0144ska<\/td><td class=\"has-text-align-center\" data-align=\"center\">poniedzia\u0142ek<\/td><td class=\"has-text-align-center\" data-align=\"center\">13.00 &#8211; 14.00<\/td><\/tr><tr><td>33<\/td><td>Sylwia Smolarz<\/td><td class=\"has-text-align-center\" data-align=\"center\">poniedzia\u0142ek<\/td><td class=\"has-text-align-center\" data-align=\"center\">11.30 &#8211; 12.00<\/td><\/tr><tr><td>34<\/td><td>Agnieszka Smy\u0142a<\/td><td class=\"has-text-align-center\" data-align=\"center\">pi\u0105tek<\/td><td class=\"has-text-align-center\" data-align=\"center\">8.00 &#8211; 9.00<\/td><\/tr><tr><td>35<\/td><td>Ks. Micha\u0142 Sokalski<\/td><td class=\"has-text-align-center\" data-align=\"center\">czwartek<\/td><td class=\"has-text-align-center\" data-align=\"center\">10.00 &#8211; 11.00<\/td><\/tr><tr><td>36<\/td><td>Szymon Sowi\u0144ski<\/td><td class=\"has-text-align-center\" data-align=\"center\">czwartek<\/td><td class=\"has-text-align-center\" data-align=\"center\">9.00 &#8211; 10.00<\/td><\/tr><tr><td>37<\/td><td>Ks. Zbigniew St\u0119pie\u0144<\/td><td class=\"has-text-align-center\" data-align=\"center\">czwartek<\/td><td class=\"has-text-align-center\" data-align=\"center\">9.30 &#8211; 10.00<\/td><\/tr><tr><td>38<\/td><td>Justyna Szkopiak<\/td><td class=\"has-text-align-center\" data-align=\"center\">wtorek<\/td><td class=\"has-text-align-center\" data-align=\"center\">9.00 &#8211; 10.00<\/td><\/tr><tr><td>39<\/td><td>Sylwia \u015awio\u0144\u0107<\/td><td class=\"has-text-align-center\" data-align=\"center\">poniedzia\u0142ek<br>wtorek<\/td><td class=\"has-text-align-center\" data-align=\"center\">12.05 &#8211; 12.35<br>12.05 &#8211; 12.35<\/td><\/tr><tr><td>40<\/td><td>Jadwiga Taranek<\/td><td class=\"has-text-align-center\" data-align=\"center\">\u015broda<\/td><td class=\"has-text-align-center\" data-align=\"center\">11.00 &#8211; 12.00<\/td><\/tr><tr><td>41<\/td><td>Lidia Taranek<\/td><td class=\"has-text-align-center\" data-align=\"center\">\u015broda<\/td><td class=\"has-text-align-center\" data-align=\"center\">12.50 &#8211; 13.50<\/td><\/tr><tr><td>42<\/td><td>\u0141ukasz Trzepizur<\/td><td class=\"has-text-align-center\" data-align=\"center\">poniedzia\u0142ek<\/td><td class=\"has-text-align-center\" data-align=\"center\">11.05 &#8211; 12.05<\/td><\/tr><tr><td>43<\/td><td>Gra\u017cyna Walaszczyk<\/td><td class=\"has-text-align-center\" data-align=\"center\">wtorek<br>czwartek<\/td><td class=\"has-text-align-center\" data-align=\"center\">13.00 &#8211; 13.30<br>13.00 &#8211; 13.30<\/td><\/tr><tr><td>44<\/td><td>Stanis\u0142awa Walaszczyk<\/td><td class=\"has-text-align-center\" data-align=\"center\">\u015broda<\/td><td class=\"has-text-align-center\" data-align=\"center\">12.00 &#8211; 13.00<\/td><\/tr><tr><td>45<\/td><td>Irena Warzecha<\/td><td class=\"has-text-align-center\" data-align=\"center\">\u015broda<\/td><td class=\"has-text-align-center\" data-align=\"center\">11.00 &#8211; 12.00<\/td><\/tr><tr><td>46<\/td><td>Iwona Wawrowicz<\/td><td class=\"has-text-align-center\" data-align=\"center\">poniedzia\u0142ek<\/td><td class=\"has-text-align-center\" data-align=\"center\">13.00 &#8211; 14.00<\/td><\/tr><tr><td>47<\/td><td>Barbara W\u00f3jcik<\/td><td class=\"has-text-align-center\" data-align=\"center\">poniedzia\u0142ek<br>\u015broda<\/td><td class=\"has-text-align-center\" data-align=\"center\">7.30 &#8211; 8.00<br>7.30 &#8211; 8.00<\/td><\/tr><tr><td>48<\/td><td>Ola Bednarska<\/td><td class=\"has-text-align-center\" data-align=\"center\">wtorek<\/td><td class=\"has-text-align-center\" data-align=\"center\">11.05 &#8211; 12.05<\/td><\/tr><\/tbody><\/table><\/figure>\n\n\n\n<p><\/p>\n\n\n\n<p><\/p>\n\n\n\n<p><\/p>\n\n\n\n<p><\/p>\n","protected":false},"excerpt":{"rendered":"<p>terminy konsultacji &#8211; strona w trakcie aktualizacji Lp. Imi\u0119 i nazwisko nauczyciela Dzie\u0144 tygodnia Czas trwania 1 Anna Szewczyk wtorek [&hellip;]<\/p>\n","protected":false},"author":1,"featured_media":1391,"parent":0,"menu_order":0,"comment_status":"closed","ping_status":"closed","template":"","meta":{"ngg_post_thumbnail":0,"footnotes":""},"class_list":["post-133","page","type-page","status-publish","has-post-thumbnail","hentry"],"_links":{"self":[{"href":"https:\/\/zspnowabrzeznica.pl\/index.php\/wp-json\/wp\/v2\/pages\/133","targetHints":{"allow":["GET"]}}],"collection":[{"href":"https:\/\/zspnowabrzeznica.pl\/index.php\/wp-json\/wp\/v2\/pages"}],"about":[{"href":"https:\/\/zspnowabrzeznica.pl\/index.php\/wp-json\/wp\/v2\/types\/page"}],"author":[{"embeddable":true,"href":"https:\/\/zspnowabrzeznica.pl\/index.php\/wp-json\/wp\/v2\/users\/1"}],"replies":[{"embeddable":true,"href":"https:\/\/zspnowabrzeznica.pl\/index.php\/wp-json\/wp\/v2\/comments?post=133"}],"version-history":[{"count":23,"href":"https:\/\/zspnowabrzeznica.pl\/index.php\/wp-json\/wp\/v2\/pages\/133\/revisions"}],"predecessor-version":[{"id":2060,"href":"https:\/\/zspnowabrzeznica.pl\/index.php\/wp-json\/wp\/v2\/pages\/133\/revisions\/2060"}],"wp:featuredmedia":[{"embeddable":true,"href":"https:\/\/zspnowabrzeznica.pl\/index.php\/wp-json\/wp\/v2\/media\/1391"}],"wp:attachment":[{"href":"https:\/\/zspnowabrzeznica.pl\/index.php\/wp-json\/wp\/v2\/media?parent=133"}],"curies":[{"name":"wp","href":"https:\/\/api.w.org\/{rel}","templated":true}]}}