{"id":152,"date":"2025-03-06T07:01:42","date_gmt":"2025-03-06T07:01:42","guid":{"rendered":"https:\/\/zspnowabrzeznica.pl\/?page_id=152"},"modified":"2025-07-01T18:56:02","modified_gmt":"2025-07-01T18:56:02","slug":"szkola-podstawowa","status":"publish","type":"page","link":"https:\/\/zspnowabrzeznica.pl\/index.php\/szkola-podstawowa\/","title":{"rendered":"Szko\u0142a Podstawowa w Nowej Brze\u017anicy"},"content":{"rendered":"\n<p>Szko\u0142a Podstawowa im. Jana D\u0142ugosza w Nowej Brze\u017anicy to plac\u00f3wka o\u015bmiooddzia\u0142owa. Plac\u00f3wka czynna jest od godz. 7.00 do 16.00. Panuje u nas domowa atmosfera, zapewniamy indywidualne podej\u015bcie do ka\u017cdego ucznia.<\/p>\n\n\n\n<h2 class=\"wp-block-heading has-text-align-center\"><a href=\"https:\/\/zspnowabrzeznica.pl\/index.php\/szkola-podstawowa-rekrutacja\/\">Rekrutacja<\/a><\/h2>\n\n\n\n<h2 class=\"wp-block-heading has-text-align-center\"><a href=\"https:\/\/zspnowabrzeznica.pl\/index.php\/grono-pedagogiczne-2\/\">Grono Pedagogiczne<\/a><\/h2>\n\n\n\n<h2 class=\"wp-block-heading has-text-align-center\"><a href=\"https:\/\/zspnowabrzeznica.pl\/index.php\/szkoly-filialne\/\">Szko\u0142y filialne<\/a><\/h2>\n\n\n\n<h2 class=\"wp-block-heading has-text-align-center\"><a href=\"https:\/\/zspnowabrzeznica.pl\/index.php\/samorzad-uczniowski\/\">Samorz\u0105d Uczniowski<\/a><\/h2>\n\n\n\n<h2 class=\"wp-block-heading has-text-align-center\"><a href=\"https:\/\/zspnowabrzeznica.pl\/index.php\/rada-rodzicow\/\">Rada Rodzic\u00f3w<\/a><\/h2>\n\n\n\n<h2 class=\"wp-block-heading has-text-align-center\"><a href=\"https:\/\/zspnowabrzeznica.pl\/index.php\/pedagog-specjalny\/\">Pedagog specjalny<\/a><\/h2>\n\n\n\n<h2 class=\"wp-block-heading has-text-align-center\"><a href=\"https:\/\/zspnowabrzeznica.pl\/index.php\/logopeda\/\">Logopeda<\/a><\/h2>\n\n\n\n<h2 class=\"wp-block-heading has-text-align-center\"><a href=\"https:\/\/zspnowabrzeznica.pl\/index.php\/zespol-muzyczny\/\">Zesp\u00f3\u0142 muzyczny<\/a><\/h2>\n\n\n\n<h2 class=\"wp-block-heading has-text-align-center\"><a href=\"https:\/\/zspnowabrzeznica.pl\/index.php\/chor\/\">Ch\u00f3r<\/a><\/h2>\n\n\n\n<h2 class=\"wp-block-heading has-text-align-center\"><a href=\"https:\/\/zspnowabrzeznica.pl\/index.php\/dowozy-i-odwozy\/\">Dowozy i odwozy<\/a><\/h2>\n","protected":false},"excerpt":{"rendered":"<p>Szko\u0142a Podstawowa im. Jana D\u0142ugosza w Nowej Brze\u017anicy to plac\u00f3wka o\u015bmiooddzia\u0142owa. Plac\u00f3wka czynna jest od godz. 7.00 do 16.00. Panuje [&hellip;]<\/p>\n","protected":false},"author":1,"featured_media":695,"parent":0,"menu_order":0,"comment_status":"closed","ping_status":"closed","template":"","meta":{"ngg_post_thumbnail":0,"footnotes":""},"class_list":["post-152","page","type-page","status-publish","has-post-thumbnail","hentry"],"_links":{"self":[{"href":"https:\/\/zspnowabrzeznica.pl\/index.php\/wp-json\/wp\/v2\/pages\/152","targetHints":{"allow":["GET"]}}],"collection":[{"href":"https:\/\/zspnowabrzeznica.pl\/index.php\/wp-json\/wp\/v2\/pages"}],"about":[{"href":"https:\/\/zspnowabrzeznica.pl\/index.php\/wp-json\/wp\/v2\/types\/page"}],"author":[{"embeddable":true,"href":"https:\/\/zspnowabrzeznica.pl\/index.php\/wp-json\/wp\/v2\/users\/1"}],"replies":[{"embeddable":true,"href":"https:\/\/zspnowabrzeznica.pl\/index.php\/wp-json\/wp\/v2\/comments?post=152"}],"version-history":[{"count":15,"href":"https:\/\/zspnowabrzeznica.pl\/index.php\/wp-json\/wp\/v2\/pages\/152\/revisions"}],"predecessor-version":[{"id":1932,"href":"https:\/\/zspnowabrzeznica.pl\/index.php\/wp-json\/wp\/v2\/pages\/152\/revisions\/1932"}],"wp:featuredmedia":[{"embeddable":true,"href":"https:\/\/zspnowabrzeznica.pl\/index.php\/wp-json\/wp\/v2\/media\/695"}],"wp:attachment":[{"href":"https:\/\/zspnowabrzeznica.pl\/index.php\/wp-json\/wp\/v2\/media?parent=152"}],"curies":[{"name":"wp","href":"https:\/\/api.w.org\/{rel}","templated":true}]}}