{"id":158,"date":"2025-03-06T07:08:42","date_gmt":"2025-03-06T07:08:42","guid":{"rendered":"https:\/\/zspnowabrzeznica.pl\/?page_id=158"},"modified":"2025-11-07T06:17:43","modified_gmt":"2025-11-07T06:17:43","slug":"dokumenty","status":"publish","type":"page","link":"https:\/\/zspnowabrzeznica.pl\/index.php\/dokumenty\/","title":{"rendered":"Dokumenty"},"content":{"rendered":"\n<h3 class=\"wp-block-heading has-text-align-center\">Dokumenty szkolne\n<\/h3>\n\n\n\n<p class=\"has-text-align-left\"><img decoding=\"async\" border=\"0\" src=\"images\/grafiki\/rozszerzenie_pdf.png\" alt=\"\"><img loading=\"lazy\" decoding=\"async\" width=\"40\" height=\"44\" class=\"wp-image-495\" style=\"width: 40px;\" src=\"https:\/\/zspnowabrzeznica.pl\/wp-content\/uploads\/2025\/03\/ikona-format-pdf.png\" alt=\"\" srcset=\"https:\/\/zspnowabrzeznica.pl\/wp-content\/uploads\/2025\/03\/ikona-format-pdf.png 40w, https:\/\/zspnowabrzeznica.pl\/wp-content\/uploads\/2025\/03\/ikona-format-pdf-22x24.png 22w, https:\/\/zspnowabrzeznica.pl\/wp-content\/uploads\/2025\/03\/ikona-format-pdf-33x36.png 33w\" sizes=\"auto, (max-width: 40px) 100vw, 40px\" \/> <a href=\"http:\/\/archiwum.zspnowabrzeznica.pl\/download\/statut2024r.pdf\" target=\"_blank\">Statut PSP im. Jana D\u0142ugosza w Nowej Brze\u017anicy<\/a><\/p>\n\n\n\n<p class=\"has-text-align-left\"><a href=\"http:\/\/archiwum.zspnowabrzeznica.pl\/\/download\/standardy_ochrony_maloletnich.pdf\" target=\"_blank\"><img decoding=\"async\" border=\"0\" src=\"images\/grafiki\/rozszerzenie_pdf.png\" alt=\"\"><img loading=\"lazy\" decoding=\"async\" width=\"40\" height=\"44\" class=\"wp-image-495\" style=\"width: 40px;\" src=\"https:\/\/zspnowabrzeznica.pl\/wp-content\/uploads\/2025\/03\/ikona-format-pdf.png\" alt=\"\" srcset=\"https:\/\/zspnowabrzeznica.pl\/wp-content\/uploads\/2025\/03\/ikona-format-pdf.png 40w, https:\/\/zspnowabrzeznica.pl\/wp-content\/uploads\/2025\/03\/ikona-format-pdf-22x24.png 22w, https:\/\/zspnowabrzeznica.pl\/wp-content\/uploads\/2025\/03\/ikona-format-pdf-33x36.png 33w\" sizes=\"auto, (max-width: 40px) 100vw, 40px\" \/> Standardy Ochrony Ma\u0142oletnich<\/a><\/p>\n\n\n\n<p class=\"has-text-align-left\"><img decoding=\"async\" border=\"0\" src=\"images\/grafiki\/rozszerzenie_pdf.png\" alt=\"\"><img loading=\"lazy\" decoding=\"async\" width=\"40\" height=\"44\" class=\"wp-image-495\" style=\"width: 40px;\" src=\"https:\/\/zspnowabrzeznica.pl\/wp-content\/uploads\/2025\/03\/ikona-format-pdf.png\" alt=\"\" srcset=\"https:\/\/zspnowabrzeznica.pl\/wp-content\/uploads\/2025\/03\/ikona-format-pdf.png 40w, https:\/\/zspnowabrzeznica.pl\/wp-content\/uploads\/2025\/03\/ikona-format-pdf-22x24.png 22w, https:\/\/zspnowabrzeznica.pl\/wp-content\/uploads\/2025\/03\/ikona-format-pdf-33x36.png 33w\" sizes=\"auto, (max-width: 40px) 100vw, 40px\" \/> <a href=\"https:\/\/zspnowabrzeznica.pl\/download\/202526-program-wych-prof.pdf\">Program Wychowawczo-Profilaktyczny PSP w Nowej Brze\u017anicy 2025\/2026<\/a><\/p>\n\n\n\n<p class=\"has-text-align-left\"><img decoding=\"async\" border=\"0\" src=\"images\/grafiki\/rozszerzenie_pdf.png\" alt=\"\"><img loading=\"lazy\" decoding=\"async\" width=\"40\" height=\"44\" class=\"wp-image-495\" style=\"width: 40px;\" src=\"https:\/\/zspnowabrzeznica.pl\/wp-content\/uploads\/2025\/03\/ikona-format-pdf.png\" alt=\"\" srcset=\"https:\/\/zspnowabrzeznica.pl\/wp-content\/uploads\/2025\/03\/ikona-format-pdf.png 40w, https:\/\/zspnowabrzeznica.pl\/wp-content\/uploads\/2025\/03\/ikona-format-pdf-22x24.png 22w, https:\/\/zspnowabrzeznica.pl\/wp-content\/uploads\/2025\/03\/ikona-format-pdf-33x36.png 33w\" sizes=\"auto, (max-width: 40px) 100vw, 40px\" \/> <a href=\"https:\/\/zspnowabrzeznica.pl\/download\/202526-kalendarz-roku-szkolnego2.pdf\" target=\"_blank\" rel=\"noreferrer noopener\">Kalendarz roku szkolnego 2025\/2026<\/a><\/p>\n\n\n\n<p class=\"has-text-align-left\"><img decoding=\"async\" border=\"0\" src=\"images\/grafiki\/rozszerzenie_pdf.png\" alt=\"\"><img loading=\"lazy\" decoding=\"async\" width=\"40\" height=\"44\" class=\"wp-image-495\" style=\"width: 40px;\" src=\"https:\/\/zspnowabrzeznica.pl\/wp-content\/uploads\/2025\/03\/ikona-format-pdf.png\" alt=\"\" srcset=\"https:\/\/zspnowabrzeznica.pl\/wp-content\/uploads\/2025\/03\/ikona-format-pdf.png 40w, https:\/\/zspnowabrzeznica.pl\/wp-content\/uploads\/2025\/03\/ikona-format-pdf-22x24.png 22w, https:\/\/zspnowabrzeznica.pl\/wp-content\/uploads\/2025\/03\/ikona-format-pdf-33x36.png 33w\" sizes=\"auto, (max-width: 40px) 100vw, 40px\" \/> <a href=\"https:\/\/zspnowabrzeznica.pl\/download\/202526-plan-pracy-szkoly.pdf\" target=\"_blank\" rel=\"noreferrer noopener\">Plan pracy szko\u0142y 2025\/2026 <\/a><\/p>\n\n\n\n<p class=\"has-text-align-left\"><img decoding=\"async\" border=\"0\" src=\"images\/grafiki\/rozszerzenie_pdf.png\" alt=\"\"><img loading=\"lazy\" decoding=\"async\" width=\"40\" height=\"44\" class=\"wp-image-495\" style=\"width: 40px;\" src=\"https:\/\/zspnowabrzeznica.pl\/wp-content\/uploads\/2025\/03\/ikona-format-pdf.png\" alt=\"\" srcset=\"https:\/\/zspnowabrzeznica.pl\/wp-content\/uploads\/2025\/03\/ikona-format-pdf.png 40w, https:\/\/zspnowabrzeznica.pl\/wp-content\/uploads\/2025\/03\/ikona-format-pdf-22x24.png 22w, https:\/\/zspnowabrzeznica.pl\/wp-content\/uploads\/2025\/03\/ikona-format-pdf-33x36.png 33w\" sizes=\"auto, (max-width: 40px) 100vw, 40px\" \/> <a href=\"https:\/\/zspnowabrzeznica.pl\/download\/202526-zestaw-programow-nauczania.pdf\" target=\"_blank\" rel=\"noreferrer noopener\">Szkolny Zestaw Program\u00f3w Nauczania 2025\/2026<\/a><\/p>\n\n\n\n<p class=\"has-text-align-left\"><img decoding=\"async\" border=\"0\" src=\"images\/grafiki\/rozszerzenie_pdf.png\" alt=\"\"><img loading=\"lazy\" decoding=\"async\" width=\"40\" height=\"44\" class=\"wp-image-495\" style=\"width: 40px;\" src=\"https:\/\/zspnowabrzeznica.pl\/wp-content\/uploads\/2025\/03\/ikona-format-pdf.png\" alt=\"\" srcset=\"https:\/\/zspnowabrzeznica.pl\/wp-content\/uploads\/2025\/03\/ikona-format-pdf.png 40w, https:\/\/zspnowabrzeznica.pl\/wp-content\/uploads\/2025\/03\/ikona-format-pdf-22x24.png 22w, https:\/\/zspnowabrzeznica.pl\/wp-content\/uploads\/2025\/03\/ikona-format-pdf-33x36.png 33w\" sizes=\"auto, (max-width: 40px) 100vw, 40px\" \/> <a href=\"http:\/\/archiwum.zspnowabrzeznica.pl\/download\/regulamin-covid.pdf\" target=\"_blank\">Regulamin funkcjonowania w czasie epidemii Covid-19<\/a><\/p>\n\n\n\n<p class=\"has-text-align-left\"><img decoding=\"async\" border=\"0\" src=\"images\/grafiki\/rozszerzenie_pdf.png\" alt=\"\"><img loading=\"lazy\" decoding=\"async\" width=\"40\" height=\"44\" class=\"wp-image-495\" style=\"width: 40px;\" src=\"https:\/\/zspnowabrzeznica.pl\/wp-content\/uploads\/2025\/03\/ikona-format-pdf.png\" alt=\"\" srcset=\"https:\/\/zspnowabrzeznica.pl\/wp-content\/uploads\/2025\/03\/ikona-format-pdf.png 40w, https:\/\/zspnowabrzeznica.pl\/wp-content\/uploads\/2025\/03\/ikona-format-pdf-22x24.png 22w, https:\/\/zspnowabrzeznica.pl\/wp-content\/uploads\/2025\/03\/ikona-format-pdf-33x36.png 33w\" sizes=\"auto, (max-width: 40px) 100vw, 40px\" \/> <a href=\"http:\/\/archiwum.zspnowabrzeznica.pl\/download\/rapot_o_stanie_dostepnosci.pdf\" target=\"_blank\">Raport o stanie zapewniania dost\u0119pno\u015bci podmiotu publicznego<\/a><\/p>\n\n\n\n<p class=\"has-text-align-left\">&nbsp;<\/p>\n\n\n\n<h3 class=\"wp-block-heading has-text-align-center\">Wymagania edukacyjne<\/h3>\n\n\n\n<p><img decoding=\"async\" border=\"0\" src=\"images\/grafiki\/rozszerzenie_pdf.png\" alt=\"\"><img loading=\"lazy\" decoding=\"async\" width=\"40\" height=\"44\" class=\"wp-image-495\" style=\"width: 40px;\" src=\"https:\/\/zspnowabrzeznica.pl\/wp-content\/uploads\/2025\/03\/ikona-format-pdf.png\" alt=\"\" srcset=\"https:\/\/zspnowabrzeznica.pl\/wp-content\/uploads\/2025\/03\/ikona-format-pdf.png 40w, https:\/\/zspnowabrzeznica.pl\/wp-content\/uploads\/2025\/03\/ikona-format-pdf-22x24.png 22w, https:\/\/zspnowabrzeznica.pl\/wp-content\/uploads\/2025\/03\/ikona-format-pdf-33x36.png 33w\" sizes=\"auto, (max-width: 40px) 100vw, 40px\" \/> <a href=\"http:\/\/archiwum.zspnowabrzeznica.pl\/download\/wymagania_eduwczesn_kl1.pdf\" target=\"_blank\">Edukacja wczesnoszkolna klasa 1<\/a><\/p>\n\n\n\n<p><img decoding=\"async\" border=\"0\" src=\"images\/grafiki\/rozszerzenie_pdf.png\" alt=\"\"><img loading=\"lazy\" decoding=\"async\" width=\"40\" height=\"44\" class=\"wp-image-495\" style=\"width: 40px;\" src=\"https:\/\/zspnowabrzeznica.pl\/wp-content\/uploads\/2025\/03\/ikona-format-pdf.png\" alt=\"\" srcset=\"https:\/\/zspnowabrzeznica.pl\/wp-content\/uploads\/2025\/03\/ikona-format-pdf.png 40w, https:\/\/zspnowabrzeznica.pl\/wp-content\/uploads\/2025\/03\/ikona-format-pdf-22x24.png 22w, https:\/\/zspnowabrzeznica.pl\/wp-content\/uploads\/2025\/03\/ikona-format-pdf-33x36.png 33w\" sizes=\"auto, (max-width: 40px) 100vw, 40px\" \/> <a href=\"http:\/\/archiwum.zspnowabrzeznica.pl\/download\/wymagania_eduwczesn_kl2.pdf\">Edukacja wczesnoszkolna klasa 2<\/a><\/p>\n\n\n\n<p><img decoding=\"async\" border=\"0\" src=\"images\/grafiki\/rozszerzenie_pdf.png\" alt=\"\"><img loading=\"lazy\" decoding=\"async\" width=\"40\" height=\"44\" class=\"wp-image-495\" style=\"width: 40px;\" src=\"https:\/\/zspnowabrzeznica.pl\/wp-content\/uploads\/2025\/03\/ikona-format-pdf.png\" alt=\"\" srcset=\"https:\/\/zspnowabrzeznica.pl\/wp-content\/uploads\/2025\/03\/ikona-format-pdf.png 40w, https:\/\/zspnowabrzeznica.pl\/wp-content\/uploads\/2025\/03\/ikona-format-pdf-22x24.png 22w, https:\/\/zspnowabrzeznica.pl\/wp-content\/uploads\/2025\/03\/ikona-format-pdf-33x36.png 33w\" sizes=\"auto, (max-width: 40px) 100vw, 40px\" \/> <a href=\"http:\/\/archiwum.zspnowabrzeznica.pl\/download\/wymagania_eduwczesn_kl3.pdf\">Edukacja wczesnoszkolna klasa 3<\/a><\/p>\n\n\n\n<p><img decoding=\"async\" border=\"0\" src=\"images\/grafiki\/rozszerzenie_pdf.png\" alt=\"\"><img loading=\"lazy\" decoding=\"async\" width=\"40\" height=\"44\" class=\"wp-image-495\" style=\"width: 40px;\" src=\"https:\/\/zspnowabrzeznica.pl\/wp-content\/uploads\/2025\/03\/ikona-format-pdf.png\" alt=\"\" srcset=\"https:\/\/zspnowabrzeznica.pl\/wp-content\/uploads\/2025\/03\/ikona-format-pdf.png 40w, https:\/\/zspnowabrzeznica.pl\/wp-content\/uploads\/2025\/03\/ikona-format-pdf-22x24.png 22w, https:\/\/zspnowabrzeznica.pl\/wp-content\/uploads\/2025\/03\/ikona-format-pdf-33x36.png 33w\" sizes=\"auto, (max-width: 40px) 100vw, 40px\" \/> <a href=\"http:\/\/archiwum.zspnowabrzeznica.pl\/download\/wymagania_technika.pdf\">Technika<\/a><\/p>\n\n\n\n<p><img decoding=\"async\" border=\"0\" src=\"images\/grafiki\/rozszerzenie_pdf.png\" alt=\"\"><img loading=\"lazy\" decoding=\"async\" width=\"40\" height=\"44\" class=\"wp-image-495\" style=\"width: 40px;\" src=\"https:\/\/zspnowabrzeznica.pl\/wp-content\/uploads\/2025\/03\/ikona-format-pdf.png\" alt=\"\" srcset=\"https:\/\/zspnowabrzeznica.pl\/wp-content\/uploads\/2025\/03\/ikona-format-pdf.png 40w, https:\/\/zspnowabrzeznica.pl\/wp-content\/uploads\/2025\/03\/ikona-format-pdf-22x24.png 22w, https:\/\/zspnowabrzeznica.pl\/wp-content\/uploads\/2025\/03\/ikona-format-pdf-33x36.png 33w\" sizes=\"auto, (max-width: 40px) 100vw, 40px\" \/> <a href=\"http:\/\/archiwum.zspnowabrzeznica.pl\/download\/wymagania_wf.pdf\">Wychowanie fizyczne<\/a><\/p>\n\n\n\n<p><img decoding=\"async\" border=\"0\" src=\"images\/grafiki\/rozszerzenie_pdf.png\" alt=\"\"><img loading=\"lazy\" decoding=\"async\" width=\"40\" height=\"44\" class=\"wp-image-495\" style=\"width: 40px;\" src=\"https:\/\/zspnowabrzeznica.pl\/wp-content\/uploads\/2025\/03\/ikona-format-pdf.png\" alt=\"\" srcset=\"https:\/\/zspnowabrzeznica.pl\/wp-content\/uploads\/2025\/03\/ikona-format-pdf.png 40w, https:\/\/zspnowabrzeznica.pl\/wp-content\/uploads\/2025\/03\/ikona-format-pdf-22x24.png 22w, https:\/\/zspnowabrzeznica.pl\/wp-content\/uploads\/2025\/03\/ikona-format-pdf-33x36.png 33w\" sizes=\"auto, (max-width: 40px) 100vw, 40px\" \/> <a href=\"http:\/\/archiwum.zspnowabrzeznica.pl\/download\/pso_informatyka_1-3.pdf\" target=\"_blank\">Informatyka klasy I-III<\/a><\/p>\n\n\n\n<p><img decoding=\"async\" border=\"0\" src=\"images\/grafiki\/rozszerzenie_pdf.png\" alt=\"\"><img loading=\"lazy\" decoding=\"async\" width=\"40\" height=\"44\" class=\"wp-image-495\" style=\"width: 40px;\" src=\"https:\/\/zspnowabrzeznica.pl\/wp-content\/uploads\/2025\/03\/ikona-format-pdf.png\" alt=\"\" srcset=\"https:\/\/zspnowabrzeznica.pl\/wp-content\/uploads\/2025\/03\/ikona-format-pdf.png 40w, https:\/\/zspnowabrzeznica.pl\/wp-content\/uploads\/2025\/03\/ikona-format-pdf-22x24.png 22w, https:\/\/zspnowabrzeznica.pl\/wp-content\/uploads\/2025\/03\/ikona-format-pdf-33x36.png 33w\" sizes=\"auto, (max-width: 40px) 100vw, 40px\" \/> <a href=\"http:\/\/archiwum.zspnowabrzeznica.pl\/download\/wymagania_informatyka_nowe.pdf\" target=\"_blank\">Informatyka klasy IV-VIII<\/a><\/p>\n\n\n\n<p><img decoding=\"async\" border=\"0\" src=\"images\/grafiki\/rozszerzenie_zip.png\" alt=\"\"><img loading=\"lazy\" decoding=\"async\" width=\"40\" height=\"44\" class=\"wp-image-496\" style=\"width: 40px;\" src=\"https:\/\/zspnowabrzeznica.pl\/wp-content\/uploads\/2025\/03\/ikona-format-zip.png\" alt=\"\" srcset=\"https:\/\/zspnowabrzeznica.pl\/wp-content\/uploads\/2025\/03\/ikona-format-zip.png 40w, https:\/\/zspnowabrzeznica.pl\/wp-content\/uploads\/2025\/03\/ikona-format-zip-22x24.png 22w, https:\/\/zspnowabrzeznica.pl\/wp-content\/uploads\/2025\/03\/ikona-format-zip-33x36.png 33w\" sizes=\"auto, (max-width: 40px) 100vw, 40px\" \/> <a href=\"http:\/\/archiwum.zspnowabrzeznica.pl\/download\/wymagania_historia.zip\" target=\"_blank\">Historia<\/a><\/p>\n\n\n\n<p><img decoding=\"async\" border=\"0\" src=\"images\/grafiki\/rozszerzenie_pdf.png\" alt=\"\"><img loading=\"lazy\" decoding=\"async\" width=\"40\" height=\"44\" class=\"wp-image-495\" style=\"width: 40px;\" src=\"https:\/\/zspnowabrzeznica.pl\/wp-content\/uploads\/2025\/03\/ikona-format-pdf.png\" alt=\"\" srcset=\"https:\/\/zspnowabrzeznica.pl\/wp-content\/uploads\/2025\/03\/ikona-format-pdf.png 40w, https:\/\/zspnowabrzeznica.pl\/wp-content\/uploads\/2025\/03\/ikona-format-pdf-22x24.png 22w, https:\/\/zspnowabrzeznica.pl\/wp-content\/uploads\/2025\/03\/ikona-format-pdf-33x36.png 33w\" sizes=\"auto, (max-width: 40px) 100vw, 40px\" \/> <a href=\"http:\/\/archiwum.zspnowabrzeznica.pl\/download\/wymagania_przyroda.pdf\" target=\"_blank\">Przyroda<\/a><\/p>\n\n\n\n<p><img decoding=\"async\" border=\"0\" src=\"images\/grafiki\/rozszerzenie_zip.png\" alt=\"\"><img loading=\"lazy\" decoding=\"async\" width=\"40\" height=\"44\" class=\"wp-image-496\" style=\"width: 40px;\" src=\"https:\/\/zspnowabrzeznica.pl\/wp-content\/uploads\/2025\/03\/ikona-format-zip.png\" alt=\"\" srcset=\"https:\/\/zspnowabrzeznica.pl\/wp-content\/uploads\/2025\/03\/ikona-format-zip.png 40w, https:\/\/zspnowabrzeznica.pl\/wp-content\/uploads\/2025\/03\/ikona-format-zip-22x24.png 22w, https:\/\/zspnowabrzeznica.pl\/wp-content\/uploads\/2025\/03\/ikona-format-zip-33x36.png 33w\" sizes=\"auto, (max-width: 40px) 100vw, 40px\" \/> <a href=\"http:\/\/archiwum.zspnowabrzeznica.pl\/download\/wymagania_geografia.zip\" target=\"_blank\">Geografia<\/a><\/p>\n\n\n\n<p><img decoding=\"async\" border=\"0\" src=\"images\/grafiki\/rozszerzenie_pdf.png\" alt=\"\"><img loading=\"lazy\" decoding=\"async\" width=\"40\" height=\"44\" class=\"wp-image-495\" style=\"width: 40px;\" src=\"https:\/\/zspnowabrzeznica.pl\/wp-content\/uploads\/2025\/03\/ikona-format-pdf.png\" alt=\"\" srcset=\"https:\/\/zspnowabrzeznica.pl\/wp-content\/uploads\/2025\/03\/ikona-format-pdf.png 40w, https:\/\/zspnowabrzeznica.pl\/wp-content\/uploads\/2025\/03\/ikona-format-pdf-22x24.png 22w, https:\/\/zspnowabrzeznica.pl\/wp-content\/uploads\/2025\/03\/ikona-format-pdf-33x36.png 33w\" sizes=\"auto, (max-width: 40px) 100vw, 40px\" \/> <a href=\"http:\/\/archiwum.zspnowabrzeznica.pl\/download\/wymagania_matematyka.pdf\" target=\"_blank\">Matematyka<\/a><\/p>\n\n\n\n<p><a href=\"download\/pso_plastyka.pdf\" target=\"_blank\"><img decoding=\"async\" border=\"0\" src=\"images\/grafiki\/rozszerzenie_pdf.png\" alt=\"\"><img loading=\"lazy\" decoding=\"async\" width=\"40\" height=\"44\" class=\"wp-image-495\" style=\"width: 40px;\" src=\"https:\/\/zspnowabrzeznica.pl\/wp-content\/uploads\/2025\/03\/ikona-format-pdf.png\" alt=\"\" srcset=\"https:\/\/zspnowabrzeznica.pl\/wp-content\/uploads\/2025\/03\/ikona-format-pdf.png 40w, https:\/\/zspnowabrzeznica.pl\/wp-content\/uploads\/2025\/03\/ikona-format-pdf-22x24.png 22w, https:\/\/zspnowabrzeznica.pl\/wp-content\/uploads\/2025\/03\/ikona-format-pdf-33x36.png 33w\" sizes=\"auto, (max-width: 40px) 100vw, 40px\" \/> Plastyka<\/a><\/p>\n\n\n\n<p><a href=\"download\/pso_plastyka.pdf\" target=\"_blank\"><img decoding=\"async\" border=\"0\" src=\"images\/grafiki\/rozszerzenie_pdf.png\" alt=\"\"><\/a><a href=\"http:\/\/archiwum.zspnowabrzeznica.pl\/download\/wymagania_muzyka.pdf\" target=\"_blank\"><img loading=\"lazy\" decoding=\"async\" width=\"40\" height=\"44\" class=\"wp-image-495\" style=\"width: 40px;\" src=\"https:\/\/zspnowabrzeznica.pl\/wp-content\/uploads\/2025\/03\/ikona-format-pdf.png\" alt=\"\" srcset=\"https:\/\/zspnowabrzeznica.pl\/wp-content\/uploads\/2025\/03\/ikona-format-pdf.png 40w, https:\/\/zspnowabrzeznica.pl\/wp-content\/uploads\/2025\/03\/ikona-format-pdf-22x24.png 22w, https:\/\/zspnowabrzeznica.pl\/wp-content\/uploads\/2025\/03\/ikona-format-pdf-33x36.png 33w\" sizes=\"auto, (max-width: 40px) 100vw, 40px\" \/> Muzyka<\/a><\/p>\n\n\n\n<p><img decoding=\"async\" border=\"0\" src=\"images\/grafiki\/rozszerzenie_zip.png\" alt=\"\"><img loading=\"lazy\" decoding=\"async\" width=\"40\" height=\"44\" class=\"wp-image-496\" style=\"width: 40px;\" src=\"https:\/\/zspnowabrzeznica.pl\/wp-content\/uploads\/2025\/03\/ikona-format-zip.png\" alt=\"\" srcset=\"https:\/\/zspnowabrzeznica.pl\/wp-content\/uploads\/2025\/03\/ikona-format-zip.png 40w, https:\/\/zspnowabrzeznica.pl\/wp-content\/uploads\/2025\/03\/ikona-format-zip-22x24.png 22w, https:\/\/zspnowabrzeznica.pl\/wp-content\/uploads\/2025\/03\/ikona-format-zip-33x36.png 33w\" sizes=\"auto, (max-width: 40px) 100vw, 40px\" \/> <a href=\"http:\/\/archiwum.zspnowabrzeznica.pl\/download\/wymagania_jangielski.zip\" target=\"_blank\">J\u0119zyk angielski<\/a><\/p>\n\n\n\n<p><img decoding=\"async\" border=\"0\" src=\"images\/grafiki\/rozszerzenie_zip.png\" alt=\"\"><img loading=\"lazy\" decoding=\"async\" width=\"40\" height=\"44\" class=\"wp-image-496\" style=\"width: 40px;\" src=\"https:\/\/zspnowabrzeznica.pl\/wp-content\/uploads\/2025\/03\/ikona-format-zip.png\" alt=\"\" srcset=\"https:\/\/zspnowabrzeznica.pl\/wp-content\/uploads\/2025\/03\/ikona-format-zip.png 40w, https:\/\/zspnowabrzeznica.pl\/wp-content\/uploads\/2025\/03\/ikona-format-zip-22x24.png 22w, https:\/\/zspnowabrzeznica.pl\/wp-content\/uploads\/2025\/03\/ikona-format-zip-33x36.png 33w\" sizes=\"auto, (max-width: 40px) 100vw, 40px\" \/> <a href=\"http:\/\/archiwum.zspnowabrzeznica.pl\/download\/wymagania-chemia.zip\" target=\"_blank\">Chemia<\/a><\/p>\n\n\n\n<p><img decoding=\"async\" border=\"0\" src=\"images\/grafiki\/rozszerzenie_zip.png\" alt=\"\"><img loading=\"lazy\" decoding=\"async\" width=\"40\" height=\"44\" class=\"wp-image-496\" style=\"width: 40px;\" src=\"https:\/\/zspnowabrzeznica.pl\/wp-content\/uploads\/2025\/03\/ikona-format-zip.png\" alt=\"\" srcset=\"https:\/\/zspnowabrzeznica.pl\/wp-content\/uploads\/2025\/03\/ikona-format-zip.png 40w, https:\/\/zspnowabrzeznica.pl\/wp-content\/uploads\/2025\/03\/ikona-format-zip-22x24.png 22w, https:\/\/zspnowabrzeznica.pl\/wp-content\/uploads\/2025\/03\/ikona-format-zip-33x36.png 33w\" sizes=\"auto, (max-width: 40px) 100vw, 40px\" \/> <a href=\"http:\/\/archiwum.zspnowabrzeznica.pl\/download\/wymagania-fizyka.zip\" target=\"_self\">Fizyka<\/a><\/p>\n\n\n\n<p><img decoding=\"async\" border=\"0\" src=\"images\/grafiki\/rozszerzenie_zip.png\" alt=\"\"><img loading=\"lazy\" decoding=\"async\" width=\"40\" height=\"44\" class=\"wp-image-496\" style=\"width: 40px;\" src=\"https:\/\/zspnowabrzeznica.pl\/wp-content\/uploads\/2025\/03\/ikona-format-zip.png\" alt=\"\" srcset=\"https:\/\/zspnowabrzeznica.pl\/wp-content\/uploads\/2025\/03\/ikona-format-zip.png 40w, https:\/\/zspnowabrzeznica.pl\/wp-content\/uploads\/2025\/03\/ikona-format-zip-22x24.png 22w, https:\/\/zspnowabrzeznica.pl\/wp-content\/uploads\/2025\/03\/ikona-format-zip-33x36.png 33w\" sizes=\"auto, (max-width: 40px) 100vw, 40px\" \/> <a href=\"http:\/\/archiwum.zspnowabrzeznica.pl\/download\/wymagania_jezykpolsk.zip\" target=\"_blank\">J\u0119zyk polski<\/a><\/p>\n\n\n\n<p><img decoding=\"async\" border=\"0\" src=\"images\/grafiki\/rozszerzenie_zip.png\" alt=\"\"><img loading=\"lazy\" decoding=\"async\" width=\"40\" height=\"44\" class=\"wp-image-496\" style=\"width: 40px;\" src=\"https:\/\/zspnowabrzeznica.pl\/wp-content\/uploads\/2025\/03\/ikona-format-zip.png\" alt=\"\" srcset=\"https:\/\/zspnowabrzeznica.pl\/wp-content\/uploads\/2025\/03\/ikona-format-zip.png 40w, https:\/\/zspnowabrzeznica.pl\/wp-content\/uploads\/2025\/03\/ikona-format-zip-22x24.png 22w, https:\/\/zspnowabrzeznica.pl\/wp-content\/uploads\/2025\/03\/ikona-format-zip-33x36.png 33w\" sizes=\"auto, (max-width: 40px) 100vw, 40px\" \/> <a href=\"http:\/\/archiwum.zspnowabrzeznica.pl\/download\/wymagaina_biologia.zip\" target=\"_blank\">Biologia<\/a><\/p>\n\n\n\n<p><img decoding=\"async\" border=\"0\" src=\"images\/grafiki\/rozszerzenie_zip.png\" alt=\"\"><img loading=\"lazy\" decoding=\"async\" width=\"40\" height=\"44\" class=\"wp-image-496\" style=\"width: 40px;\" src=\"https:\/\/zspnowabrzeznica.pl\/wp-content\/uploads\/2025\/03\/ikona-format-zip.png\" alt=\"\" srcset=\"https:\/\/zspnowabrzeznica.pl\/wp-content\/uploads\/2025\/03\/ikona-format-zip.png 40w, https:\/\/zspnowabrzeznica.pl\/wp-content\/uploads\/2025\/03\/ikona-format-zip-22x24.png 22w, https:\/\/zspnowabrzeznica.pl\/wp-content\/uploads\/2025\/03\/ikona-format-zip-33x36.png 33w\" sizes=\"auto, (max-width: 40px) 100vw, 40px\" \/> <a href=\"http:\/\/archiwum.zspnowabrzeznica.pl\/download\/wymagania_jniemiecki.zip\" target=\"_blank\">J\u0119zyk niemiecki<\/a><\/p>\n\n\n\n<p><\/p>\n","protected":false},"excerpt":{"rendered":"<p>Dokumenty szkolne Statut PSP im. Jana D\u0142ugosza w Nowej Brze\u017anicy Standardy Ochrony Ma\u0142oletnich Program Wychowawczo-Profilaktyczny PSP w Nowej Brze\u017anicy 2025\/2026 [&hellip;]<\/p>\n","protected":false},"author":1,"featured_media":264,"parent":0,"menu_order":0,"comment_status":"closed","ping_status":"closed","template":"","meta":{"ngg_post_thumbnail":0,"footnotes":""},"class_list":["post-158","page","type-page","status-publish","has-post-thumbnail","hentry"],"_links":{"self":[{"href":"https:\/\/zspnowabrzeznica.pl\/index.php\/wp-json\/wp\/v2\/pages\/158","targetHints":{"allow":["GET"]}}],"collection":[{"href":"https:\/\/zspnowabrzeznica.pl\/index.php\/wp-json\/wp\/v2\/pages"}],"about":[{"href":"https:\/\/zspnowabrzeznica.pl\/index.php\/wp-json\/wp\/v2\/types\/page"}],"author":[{"embeddable":true,"href":"https:\/\/zspnowabrzeznica.pl\/index.php\/wp-json\/wp\/v2\/users\/1"}],"replies":[{"embeddable":true,"href":"https:\/\/zspnowabrzeznica.pl\/index.php\/wp-json\/wp\/v2\/comments?post=158"}],"version-history":[{"count":11,"href":"https:\/\/zspnowabrzeznica.pl\/index.php\/wp-json\/wp\/v2\/pages\/158\/revisions"}],"predecessor-version":[{"id":2681,"href":"https:\/\/zspnowabrzeznica.pl\/index.php\/wp-json\/wp\/v2\/pages\/158\/revisions\/2681"}],"wp:featuredmedia":[{"embeddable":true,"href":"https:\/\/zspnowabrzeznica.pl\/index.php\/wp-json\/wp\/v2\/media\/264"}],"wp:attachment":[{"href":"https:\/\/zspnowabrzeznica.pl\/index.php\/wp-json\/wp\/v2\/media?parent=158"}],"curies":[{"name":"wp","href":"https:\/\/api.w.org\/{rel}","templated":true}]}}