{"id":161,"date":"2025-03-06T07:13:57","date_gmt":"2025-03-06T07:13:57","guid":{"rendered":"https:\/\/zspnowabrzeznica.pl\/?page_id=161"},"modified":"2025-03-16T15:14:21","modified_gmt":"2025-03-16T15:14:21","slug":"kalendarz","status":"publish","type":"page","link":"https:\/\/zspnowabrzeznica.pl\/index.php\/kalendarz\/","title":{"rendered":"Kalendarz"},"content":{"rendered":"\n<p class=\"has-text-align-center\"><\/p>\n\n\n\n<center><table class=\"spiffy calendar-table bigcal\"><tr class=\"category-key-row\"><td width=\"1000\" colspan=\"7\" class=\"category-key\" ><table class=\"spiffy cat-key\" border=\"0\">\n<tr><td colspan=\"2\" class=\"cat-key-cell\"><strong>Kategorie:<\/strong><\/td><\/tr><tr class=\"\" data-category=\"5\"><td style=\"background-color:#dd3333; \" class=\"cat-key-cell\"><\/td>\n<td class=\"cat-key-cell\" data-category=\"5\">&nbsp;dni ustawowo wolne od zaj\u0119\u0107<\/td><\/tr><tr class=\"\" data-category=\"4\"><td style=\"background-color:#8224e3; \" class=\"cat-key-cell\"><\/td>\n<td class=\"cat-key-cell\" data-category=\"4\">&nbsp;dni wolne wybrane przez szko\u0142\u0119<\/td><\/tr><tr class=\"\" data-category=\"2\"><td style=\"background-color:#dd952a; \" class=\"cat-key-cell\"><\/td>\n<td class=\"cat-key-cell\" data-category=\"2\">&nbsp;ferie i wakacje<\/td><\/tr><tr class=\"\" data-category=\"3\"><td style=\"background-color:#81d742; \" class=\"cat-key-cell\"><\/td>\n<td class=\"cat-key-cell\" data-category=\"3\">&nbsp;Uroczysto\u015bci i tradycje<\/td><\/tr><tr class=\"\" data-category=\"1\"><td style=\"background-color:#757575; \" class=\"cat-key-cell\"><\/td>\n<td class=\"cat-key-cell\" data-category=\"1\">&nbsp;wydarzenia<\/td><\/tr><tr class=\"\" data-category=\"6\"><td style=\"background-color:#21b6d3; \" class=\"cat-key-cell\"><\/td>\n<td class=\"cat-key-cell\" data-category=\"6\">&nbsp;zebrania z rodzicami<\/td><\/tr><\/table><\/td><\/tr>\n\t<tr class=\"calendar-heading\"><td colspan=\"7\" class=\"calendar-date-switcher\">\n\t\t<table class=\"calendar-heading-tbl\">\n\t\t<tr>\n\t\t\t<td class=\"calendar-prev\"><a rel=\"nofollow\" title=\"Previous month\" class=\"spiffy-calendar-arrow\" onclick=\"sessionStorage.scrollTop = jQuery(window).scrollTop();\" href=\"\/index.php\/wp-json\/wp\/v2\/pages\/161?grid-list-toggle=grid&#038;month=mar&#038;yr=2026\">&lt;<\/a><\/td>\n\n\t\t\t<td class=\"calendar-month\">kwiecie\u0144 2026<\/td>\n\t\t\t<td class=\"calendar-next\"><a rel=\"nofollow\" title=\"Next month\" class=\"spiffy-calendar-arrow\" onclick=\"sessionStorage.scrollTop = jQuery(window).scrollTop();\" href=\"\/index.php\/wp-json\/wp\/v2\/pages\/161?grid-list-toggle=grid&#038;month=may&#038;yr=2026\">&gt;<\/a><\/td>\n\t\t<\/tr>\n\t\t<\/table>\n\t<\/td><\/tr><tr class=\"weekday-titles\"><td class=\"normal-day-heading\">poniedzia\u0142ek<\/td><td class=\"normal-day-heading\">wtorek<\/td><td class=\"normal-day-heading\">\u015broda<\/td><td class=\"normal-day-heading\">czwartek<\/td><td class=\"normal-day-heading\">pi\u0105tek<\/td><td class=\"weekend-heading\">sobota<\/td><td class=\"weekend-heading\">niedziela<\/td><\/tr><tr>\t<td class=\"day-without-date\">&nbsp;<\/td>\t<td class=\"day-without-date\">&nbsp;<\/td>\t<td class=\"spiffy-day-1  no-events day-with-date\"><span class=\"day-number\">1<\/span><span class=\"spiffy-event-group\"><\/span><\/td>\t<td class=\"spiffy-day-2  day-with-date\"><span class=\"day-number\">2<\/span><span class=\"spiffy-event-group\"><span class=\"calnk category_2 category-bg spiffy-eventid-50\"><span onclick=\"\" class=\"calnk-link\" style=\"color: #FFFFFF; background:#dd952a;\" ><span class=\"calnk-box\"><span class=\"spiffy-title\">Wiosenna przerwa \u015bwi\u0105teczna<\/span><span class=\"spiffy-popup\" style=\"color:#dd952a;\" ><span class=\"event-title\" style=\"color:#dd952a;\" >Wiosenna przerwa \u015bwi\u0105teczna<\/span><span class=\"event-title-break\"><\/span><\/span><\/span><\/span><\/span>\n<\/span><\/td>\t<td class=\"spiffy-day-3  day-with-date\"><span class=\"day-number\">3<\/span><span class=\"spiffy-event-group\"><span class=\"calnk category_2 category-bg spiffy-eventid-50\"><span onclick=\"\" class=\"calnk-link\" style=\"color: #FFFFFF; background:#dd952a;\" ><span class=\"calnk-box\"><span class=\"spiffy-title\">Wiosenna przerwa \u015bwi\u0105teczna<\/span><span class=\"spiffy-popup\" style=\"color:#dd952a;\" ><span class=\"event-title\" style=\"color:#dd952a;\" >Wiosenna przerwa \u015bwi\u0105teczna<\/span><span class=\"event-title-break\"><\/span><\/span><\/span><\/span><\/span>\n<\/span><\/td>\t<td class=\"spiffy-day-4  weekend day-with-date\"><span class=\"day-number weekend\">4<\/span><span class=\"spiffy-event-group\"><span class=\"calnk category_2 category-bg spiffy-eventid-50\"><span onclick=\"\" class=\"calnk-link\" style=\"color: #FFFFFF; background:#dd952a;\" ><span class=\"calnk-box\"><span class=\"spiffy-title\">Wiosenna przerwa \u015bwi\u0105teczna<\/span><span class=\"spiffy-popup\" style=\"color:#dd952a;\" ><span class=\"event-title\" style=\"color:#dd952a;\" >Wiosenna przerwa \u015bwi\u0105teczna<\/span><span class=\"event-title-break\"><\/span><\/span><\/span><\/span><\/span>\n<\/span><\/td>\t<td class=\"spiffy-day-5  weekend day-with-date\"><span class=\"day-number weekend\">5<\/span><span class=\"spiffy-event-group\"><span class=\"calnk category_2 category-bg spiffy-eventid-50\"><span onclick=\"\" class=\"calnk-link\" style=\"color: #FFFFFF; background:#dd952a;\" ><span class=\"calnk-box\"><span class=\"spiffy-title\">Wiosenna przerwa \u015bwi\u0105teczna<\/span><span class=\"spiffy-popup\" style=\"color:#dd952a;\" ><span class=\"event-title\" style=\"color:#dd952a;\" >Wiosenna przerwa \u015bwi\u0105teczna<\/span><span class=\"event-title-break\"><\/span><\/span><\/span><\/span><\/span>\n<span class=\"calnk category_5 category-bg spiffy-eventid-56\"><span onclick=\"\" class=\"calnk-link\" style=\"color: #FFFFFF; background:#dd3333;\" ><span class=\"calnk-box\"><span class=\"spiffy-title\">WIelkanoc<\/span><span class=\"spiffy-popup\" style=\"color:#dd3333;\" ><span class=\"event-title\" style=\"color:#dd3333;\" >WIelkanoc<\/span><span class=\"event-title-break\"><\/span><\/span><\/span><\/span><\/span>\n<\/span><\/td><\/tr><tr>\t<td class=\"spiffy-day-6  day-with-date\"><span class=\"day-number\">6<\/span><span class=\"spiffy-event-group\"><span class=\"calnk category_2 category-bg spiffy-eventid-50\"><span onclick=\"\" class=\"calnk-link\" style=\"color: #FFFFFF; background:#dd952a;\" ><span class=\"calnk-box\"><span class=\"spiffy-title\">Wiosenna przerwa \u015bwi\u0105teczna<\/span><span class=\"spiffy-popup\" style=\"color:#dd952a;\" ><span class=\"event-title\" style=\"color:#dd952a;\" >Wiosenna przerwa \u015bwi\u0105teczna<\/span><span class=\"event-title-break\"><\/span><\/span><\/span><\/span><\/span>\n<span class=\"calnk category_5 category-bg spiffy-eventid-57\"><span onclick=\"\" class=\"calnk-link\" style=\"color: #FFFFFF; background:#dd3333;\" ><span class=\"calnk-box\"><span class=\"spiffy-title\">Poniedzia\u0142ek wielkanocny<\/span><span class=\"spiffy-popup\" style=\"color:#dd3333;\" ><span class=\"event-title\" style=\"color:#dd3333;\" >Poniedzia\u0142ek wielkanocny<\/span><span class=\"event-title-break\"><\/span><\/span><\/span><\/span><\/span>\n<\/span><\/td>\t<td class=\"spiffy-day-7  day-with-date\"><span class=\"day-number\">7<\/span><span class=\"spiffy-event-group\"><span class=\"calnk category_2 category-bg spiffy-eventid-50\"><span onclick=\"\" class=\"calnk-link\" style=\"color: #FFFFFF; background:#dd952a;\" ><span class=\"calnk-box\"><span class=\"spiffy-title\">Wiosenna przerwa \u015bwi\u0105teczna<\/span><span class=\"spiffy-popup\" style=\"color:#dd952a;\" ><span class=\"event-title\" style=\"color:#dd952a;\" >Wiosenna przerwa \u015bwi\u0105teczna<\/span><span class=\"event-title-break\"><\/span><\/span><\/span><\/span><\/span>\n<\/span><\/td>\t<td class=\"spiffy-day-8  no-events day-with-date\"><span class=\"day-number\">8<\/span><span class=\"spiffy-event-group\"><\/span><\/td>\t<td class=\"spiffy-day-9  no-events day-with-date\"><span class=\"day-number\">9<\/span><span class=\"spiffy-event-group\"><\/span><\/td>\t<td class=\"spiffy-day-10  no-events day-with-date\"><span class=\"day-number\">10<\/span><span class=\"spiffy-event-group\"><\/span><\/td>\t<td class=\"spiffy-day-11  weekend no-events day-with-date\"><span class=\"day-number weekend\">11<\/span><span class=\"spiffy-event-group\"><\/span><\/td>\t<td class=\"spiffy-day-12  weekend no-events day-with-date\"><span class=\"day-number weekend\">12<\/span><span class=\"spiffy-event-group\"><\/span><\/td><\/tr><tr>\t<td class=\"spiffy-day-13  no-events day-with-date\"><span class=\"day-number\">13<\/span><span class=\"spiffy-event-group\"><\/span><\/td>\t<td class=\"spiffy-day-14  no-events day-with-date\"><span class=\"day-number\">14<\/span><span class=\"spiffy-event-group\"><\/span><\/td>\t<td class=\"spiffy-day-15  no-events day-with-date\"><span class=\"day-number\">15<\/span><span class=\"spiffy-event-group\"><\/span><\/td>\t<td class=\"spiffy-day-16  no-events day-with-date\"><span class=\"day-number\">16<\/span><span class=\"spiffy-event-group\"><\/span><\/td>\t<td class=\"spiffy-day-17  no-events day-with-date\"><span class=\"day-number\">17<\/span><span class=\"spiffy-event-group\"><\/span><\/td>\t<td class=\"spiffy-day-18  weekend no-events day-with-date\"><span class=\"day-number weekend\">18<\/span><span class=\"spiffy-event-group\"><\/span><\/td>\t<td class=\"spiffy-day-19  weekend no-events day-with-date\"><span class=\"day-number weekend\">19<\/span><span class=\"spiffy-event-group\"><\/span><\/td><\/tr><tr>\t<td class=\"spiffy-day-20  no-events day-with-date\"><span class=\"day-number\">20<\/span><span class=\"spiffy-event-group\"><\/span><\/td>\t<td class=\"spiffy-day-21  no-events day-with-date\"><span class=\"day-number\">21<\/span><span class=\"spiffy-event-group\"><\/span><\/td>\t<td class=\"spiffy-day-22  no-events day-with-date\"><span class=\"day-number\">22<\/span><span class=\"spiffy-event-group\"><\/span><\/td>\t<td class=\"spiffy-day-23  no-events day-with-date\"><span class=\"day-number\">23<\/span><span class=\"spiffy-event-group\"><\/span><\/td>\t<td class=\"spiffy-day-24  no-events day-with-date\"><span class=\"day-number\">24<\/span><span class=\"spiffy-event-group\"><\/span><\/td>\t<td class=\"spiffy-day-25  weekend no-events day-with-date\"><span class=\"day-number weekend\">25<\/span><span class=\"spiffy-event-group\"><\/span><\/td>\t<td class=\"spiffy-day-26  weekend no-events day-with-date\"><span class=\"day-number weekend\">26<\/span><span class=\"spiffy-event-group\"><\/span><\/td><\/tr><tr>\t<td class=\"spiffy-day-27  no-events day-with-date\"><span class=\"day-number\">27<\/span><span class=\"spiffy-event-group\"><\/span><\/td>\t<td class=\"spiffy-day-28  no-events day-with-date\"><span class=\"day-number\">28<\/span><span class=\"spiffy-event-group\"><\/span><\/td>\t<td class=\"spiffy-day-29 current-day no-events day-with-date\"><span class=\"day-number\">29<\/span><span class=\"spiffy-event-group\"><\/span><\/td>\t<td class=\"spiffy-day-30  day-with-date\"><span class=\"day-number\">30<\/span><span class=\"spiffy-event-group\"><span class=\"calnk category_4 category-bg spiffy-eventid-33\"><span onclick=\"\" class=\"calnk-link\" style=\"color: #FFFFFF; background:#8224e3;\" ><span class=\"calnk-box\"><span class=\"spiffy-title\">Dodatkowy dzie\u0144 wolny od zaj\u0119\u0107<\/span><span class=\"spiffy-popup\" style=\"color:#8224e3;\" ><span class=\"event-title\" style=\"color:#8224e3;\" >Dodatkowy dzie\u0144 wolny od zaj\u0119\u0107<\/span><span class=\"event-title-break\"><\/span><\/span><\/span><\/span><\/span>\n<\/span><\/td>\t<td class=\"day-without-date\">&nbsp;<\/td>\t<td class=\"day-without-date weekend\">&nbsp;<\/td>\t<td class=\"day-without-date weekend\">&nbsp;<\/td><\/tr><\/table>\n\n\n\n<p><\/p>\n","protected":false},"excerpt":{"rendered":"","protected":false},"author":1,"featured_media":263,"parent":0,"menu_order":0,"comment_status":"closed","ping_status":"closed","template":"","meta":{"ngg_post_thumbnail":0,"footnotes":""},"class_list":["post-161","page","type-page","status-publish","has-post-thumbnail","hentry"],"_links":{"self":[{"href":"https:\/\/zspnowabrzeznica.pl\/index.php\/wp-json\/wp\/v2\/pages\/161","targetHints":{"allow":["GET"]}}],"collection":[{"href":"https:\/\/zspnowabrzeznica.pl\/index.php\/wp-json\/wp\/v2\/pages"}],"about":[{"href":"https:\/\/zspnowabrzeznica.pl\/index.php\/wp-json\/wp\/v2\/types\/page"}],"author":[{"embeddable":true,"href":"https:\/\/zspnowabrzeznica.pl\/index.php\/wp-json\/wp\/v2\/users\/1"}],"replies":[{"embeddable":true,"href":"https:\/\/zspnowabrzeznica.pl\/index.php\/wp-json\/wp\/v2\/comments?post=161"}],"version-history":[{"count":34,"href":"https:\/\/zspnowabrzeznica.pl\/index.php\/wp-json\/wp\/v2\/pages\/161\/revisions"}],"predecessor-version":[{"id":386,"href":"https:\/\/zspnowabrzeznica.pl\/index.php\/wp-json\/wp\/v2\/pages\/161\/revisions\/386"}],"wp:featuredmedia":[{"embeddable":true,"href":"https:\/\/zspnowabrzeznica.pl\/index.php\/wp-json\/wp\/v2\/media\/263"}],"wp:attachment":[{"href":"https:\/\/zspnowabrzeznica.pl\/index.php\/wp-json\/wp\/v2\/media?parent=161"}],"curies":[{"name":"wp","href":"https:\/\/api.w.org\/{rel}","templated":true}]}}