{"id":2017,"date":"2025-08-29T13:09:59","date_gmt":"2025-08-29T13:09:59","guid":{"rendered":"https:\/\/zspnowabrzeznica.pl\/?page_id=2017"},"modified":"2026-02-17T17:52:26","modified_gmt":"2026-02-17T17:52:26","slug":"pani-lidia-taranek-dyrektorem-zsp","status":"publish","type":"page","link":"https:\/\/zspnowabrzeznica.pl\/index.php\/pani-lidia-taranek-dyrektorem-zsp\/","title":{"rendered":"Pani Lidia Taranek dyrektorem ZSP w Nowej Brze\u017anicy!"},"content":{"rendered":"\n<p class=\"has-text-align-left\">10 lutego 2026 roku odby\u0142 si\u0119 konkurs na dyrektora Zespo\u0142u Szkolno-Przedszkolnego w Nowej Brze\u017anicy. Z wielk\u0105 satysfakcj\u0105 przyj\u0119li\u015bmy decyzj\u0119 o obj\u0119ciu tej zaszczytnej funkcji przez nasz\u0105 kole\u017cank\u0119 \u2013 Pani\u0105 Lidi\u0119 Taranek. Ogromnie si\u0119 cieszymy, \u017ce osoba z tak\u0105 pasj\u0105 pokieruje nasz\u0105 szko\u0142\u0105. \u017byczymy Pani Dyrektor, aby zawsze znajdowa\u0142a wsparcie i inspiracj\u0119 w\u015br\u00f3d koleg\u00f3w i wsp\u00f3\u0142pracownik\u00f3w, tworz\u0105c zesp\u00f3\u0142, na kt\u00f3rym mo\u017cna polega\u0107 w ka\u017cdej sytuacji. \u017byczymy r\u00f3wnie\u017c dumy z osi\u0105gni\u0119\u0107 uczni\u00f3w i nauczycieli, pozytywnej atmosfery, kt\u00f3ra sprzyja wsp\u00f3\u0142pracy i wzajemnemu wsparciu oraz dobrych i \u017cyczliwych ludzi wok\u00f3\u0142. Pani Dyrektor \u2013 odwagi, jest Pani na w\u0142a\u015bciwym miejscu!<\/p>\n\n\n\n<figure class=\"wp-block-gallery has-nested-images columns-2 is-cropped wp-block-gallery-1 is-layout-flex wp-block-gallery-is-layout-flex\">\n<figure class=\"wp-block-image size-large\"><img loading=\"lazy\" decoding=\"async\" width=\"1024\" height=\"768\" data-id=\"3942\" src=\"https:\/\/zspnowabrzeznica.pl\/wp-content\/uploads\/2026\/02\/2026-02-17_01.jpeg\" alt=\"\" class=\"wp-image-3942\" srcset=\"https:\/\/zspnowabrzeznica.pl\/wp-content\/uploads\/2026\/02\/2026-02-17_01.jpeg 1024w, https:\/\/zspnowabrzeznica.pl\/wp-content\/uploads\/2026\/02\/2026-02-17_01-300x225.jpeg 300w, https:\/\/zspnowabrzeznica.pl\/wp-content\/uploads\/2026\/02\/2026-02-17_01-768x576.jpeg 768w, https:\/\/zspnowabrzeznica.pl\/wp-content\/uploads\/2026\/02\/2026-02-17_01-24x18.jpeg 24w, https:\/\/zspnowabrzeznica.pl\/wp-content\/uploads\/2026\/02\/2026-02-17_01-36x27.jpeg 36w, https:\/\/zspnowabrzeznica.pl\/wp-content\/uploads\/2026\/02\/2026-02-17_01-70x53.jpeg 70w\" sizes=\"auto, (max-width: 1024px) 100vw, 1024px\" \/><\/figure>\n\n\n\n<figure class=\"wp-block-image size-large\"><img loading=\"lazy\" decoding=\"async\" width=\"1024\" height=\"768\" data-id=\"3946\" src=\"https:\/\/zspnowabrzeznica.pl\/wp-content\/uploads\/2026\/02\/2026-02-17_03.jpeg\" alt=\"\" class=\"wp-image-3946\" srcset=\"https:\/\/zspnowabrzeznica.pl\/wp-content\/uploads\/2026\/02\/2026-02-17_03.jpeg 1024w, https:\/\/zspnowabrzeznica.pl\/wp-content\/uploads\/2026\/02\/2026-02-17_03-300x225.jpeg 300w, https:\/\/zspnowabrzeznica.pl\/wp-content\/uploads\/2026\/02\/2026-02-17_03-768x576.jpeg 768w, https:\/\/zspnowabrzeznica.pl\/wp-content\/uploads\/2026\/02\/2026-02-17_03-24x18.jpeg 24w, https:\/\/zspnowabrzeznica.pl\/wp-content\/uploads\/2026\/02\/2026-02-17_03-36x27.jpeg 36w, https:\/\/zspnowabrzeznica.pl\/wp-content\/uploads\/2026\/02\/2026-02-17_03-70x53.jpeg 70w\" sizes=\"auto, (max-width: 1024px) 100vw, 1024px\" \/><\/figure>\n\n\n\n<figure class=\"wp-block-image size-large\"><img loading=\"lazy\" decoding=\"async\" width=\"1024\" height=\"768\" data-id=\"3943\" src=\"https:\/\/zspnowabrzeznica.pl\/wp-content\/uploads\/2026\/02\/2026-02-17_02.jpeg\" alt=\"\" class=\"wp-image-3943\" srcset=\"https:\/\/zspnowabrzeznica.pl\/wp-content\/uploads\/2026\/02\/2026-02-17_02.jpeg 1024w, https:\/\/zspnowabrzeznica.pl\/wp-content\/uploads\/2026\/02\/2026-02-17_02-300x225.jpeg 300w, https:\/\/zspnowabrzeznica.pl\/wp-content\/uploads\/2026\/02\/2026-02-17_02-768x576.jpeg 768w, https:\/\/zspnowabrzeznica.pl\/wp-content\/uploads\/2026\/02\/2026-02-17_02-24x18.jpeg 24w, https:\/\/zspnowabrzeznica.pl\/wp-content\/uploads\/2026\/02\/2026-02-17_02-36x27.jpeg 36w, https:\/\/zspnowabrzeznica.pl\/wp-content\/uploads\/2026\/02\/2026-02-17_02-70x53.jpeg 70w\" sizes=\"auto, (max-width: 1024px) 100vw, 1024px\" \/><\/figure>\n\n\n\n<figure class=\"wp-block-image size-large\"><img loading=\"lazy\" decoding=\"async\" width=\"1024\" height=\"768\" data-id=\"3944\" src=\"https:\/\/zspnowabrzeznica.pl\/wp-content\/uploads\/2026\/02\/2026-02-17_04.jpeg\" alt=\"\" class=\"wp-image-3944\" srcset=\"https:\/\/zspnowabrzeznica.pl\/wp-content\/uploads\/2026\/02\/2026-02-17_04.jpeg 1024w, https:\/\/zspnowabrzeznica.pl\/wp-content\/uploads\/2026\/02\/2026-02-17_04-300x225.jpeg 300w, https:\/\/zspnowabrzeznica.pl\/wp-content\/uploads\/2026\/02\/2026-02-17_04-768x576.jpeg 768w, https:\/\/zspnowabrzeznica.pl\/wp-content\/uploads\/2026\/02\/2026-02-17_04-24x18.jpeg 24w, https:\/\/zspnowabrzeznica.pl\/wp-content\/uploads\/2026\/02\/2026-02-17_04-36x27.jpeg 36w, https:\/\/zspnowabrzeznica.pl\/wp-content\/uploads\/2026\/02\/2026-02-17_04-70x53.jpeg 70w\" sizes=\"auto, (max-width: 1024px) 100vw, 1024px\" \/><\/figure>\n\n\n\n<figure class=\"wp-block-image size-large\"><img loading=\"lazy\" decoding=\"async\" width=\"1024\" height=\"768\" data-id=\"3945\" src=\"https:\/\/zspnowabrzeznica.pl\/wp-content\/uploads\/2026\/02\/2026-02-17_05.jpeg\" alt=\"\" class=\"wp-image-3945\" srcset=\"https:\/\/zspnowabrzeznica.pl\/wp-content\/uploads\/2026\/02\/2026-02-17_05.jpeg 1024w, https:\/\/zspnowabrzeznica.pl\/wp-content\/uploads\/2026\/02\/2026-02-17_05-300x225.jpeg 300w, https:\/\/zspnowabrzeznica.pl\/wp-content\/uploads\/2026\/02\/2026-02-17_05-768x576.jpeg 768w, https:\/\/zspnowabrzeznica.pl\/wp-content\/uploads\/2026\/02\/2026-02-17_05-24x18.jpeg 24w, https:\/\/zspnowabrzeznica.pl\/wp-content\/uploads\/2026\/02\/2026-02-17_05-36x27.jpeg 36w, https:\/\/zspnowabrzeznica.pl\/wp-content\/uploads\/2026\/02\/2026-02-17_05-70x53.jpeg 70w\" sizes=\"auto, (max-width: 1024px) 100vw, 1024px\" \/><\/figure>\n\n\n\n<figure class=\"wp-block-image size-large\"><img loading=\"lazy\" decoding=\"async\" width=\"1024\" height=\"768\" data-id=\"3947\" src=\"https:\/\/zspnowabrzeznica.pl\/wp-content\/uploads\/2026\/02\/2026-02-17_06.jpeg\" alt=\"\" class=\"wp-image-3947\" srcset=\"https:\/\/zspnowabrzeznica.pl\/wp-content\/uploads\/2026\/02\/2026-02-17_06.jpeg 1024w, https:\/\/zspnowabrzeznica.pl\/wp-content\/uploads\/2026\/02\/2026-02-17_06-300x225.jpeg 300w, https:\/\/zspnowabrzeznica.pl\/wp-content\/uploads\/2026\/02\/2026-02-17_06-768x576.jpeg 768w, https:\/\/zspnowabrzeznica.pl\/wp-content\/uploads\/2026\/02\/2026-02-17_06-24x18.jpeg 24w, https:\/\/zspnowabrzeznica.pl\/wp-content\/uploads\/2026\/02\/2026-02-17_06-36x27.jpeg 36w, https:\/\/zspnowabrzeznica.pl\/wp-content\/uploads\/2026\/02\/2026-02-17_06-70x53.jpeg 70w\" sizes=\"auto, (max-width: 1024px) 100vw, 1024px\" \/><\/figure>\n<\/figure>\n","protected":false},"excerpt":{"rendered":"<p>10 lutego 2026 roku odby\u0142 si\u0119 konkurs na dyrektora Zespo\u0142u Szkolno-Przedszkolnego w Nowej Brze\u017anicy. Z wielk\u0105 satysfakcj\u0105 przyj\u0119li\u015bmy decyzj\u0119 o [&hellip;]<\/p>\n","protected":false},"author":1,"featured_media":3957,"parent":0,"menu_order":0,"comment_status":"closed","ping_status":"closed","template":"","meta":{"ngg_post_thumbnail":0,"footnotes":""},"class_list":["post-2017","page","type-page","status-publish","has-post-thumbnail","hentry"],"_links":{"self":[{"href":"https:\/\/zspnowabrzeznica.pl\/index.php\/wp-json\/wp\/v2\/pages\/2017","targetHints":{"allow":["GET"]}}],"collection":[{"href":"https:\/\/zspnowabrzeznica.pl\/index.php\/wp-json\/wp\/v2\/pages"}],"about":[{"href":"https:\/\/zspnowabrzeznica.pl\/index.php\/wp-json\/wp\/v2\/types\/page"}],"author":[{"embeddable":true,"href":"https:\/\/zspnowabrzeznica.pl\/index.php\/wp-json\/wp\/v2\/users\/1"}],"replies":[{"embeddable":true,"href":"https:\/\/zspnowabrzeznica.pl\/index.php\/wp-json\/wp\/v2\/comments?post=2017"}],"version-history":[{"count":26,"href":"https:\/\/zspnowabrzeznica.pl\/index.php\/wp-json\/wp\/v2\/pages\/2017\/revisions"}],"predecessor-version":[{"id":3959,"href":"https:\/\/zspnowabrzeznica.pl\/index.php\/wp-json\/wp\/v2\/pages\/2017\/revisions\/3959"}],"wp:featuredmedia":[{"embeddable":true,"href":"https:\/\/zspnowabrzeznica.pl\/index.php\/wp-json\/wp\/v2\/media\/3957"}],"wp:attachment":[{"href":"https:\/\/zspnowabrzeznica.pl\/index.php\/wp-json\/wp\/v2\/media?parent=2017"}],"curies":[{"name":"wp","href":"https:\/\/api.w.org\/{rel}","templated":true}]}}