{"id":3722,"date":"2026-01-22T10:56:49","date_gmt":"2026-01-22T10:56:49","guid":{"rendered":"https:\/\/zspnowabrzeznica.pl\/?page_id=3722"},"modified":"2026-01-22T12:38:15","modified_gmt":"2026-01-22T12:38:15","slug":"informacja-2","status":"publish","type":"page","link":"https:\/\/zspnowabrzeznica.pl\/index.php\/informacja-2\/","title":{"rendered":"Informacja"},"content":{"rendered":"\n<h3 class=\"wp-block-heading has-text-align-center\">Informujemy, \u017ce jedynym oficjalnym adresem strony internetowej naszej szko\u0142y jest <strong>zspnowabrzeznica.pl<\/strong>. Wszelkie inne podobnie brzmi\u0105ce nazwy domen nie s\u0105 w\u0142asno\u015bci\u0105 Zespo\u0142u Szkolno-Przedszkolnego w Nowej Brze\u017anicy.<\/h3>\n\n\n\n<p><\/p>\n","protected":false},"excerpt":{"rendered":"<p>Informujemy, \u017ce jedynym oficjalnym adresem strony internetowej naszej szko\u0142y jest zspnowabrzeznica.pl. Wszelkie inne podobnie brzmi\u0105ce nazwy domen nie s\u0105 w\u0142asno\u015bci\u0105 [&hellip;]<\/p>\n","protected":false},"author":1,"featured_media":3723,"parent":0,"menu_order":0,"comment_status":"closed","ping_status":"closed","template":"","meta":{"ngg_post_thumbnail":0,"footnotes":""},"class_list":["post-3722","page","type-page","status-publish","has-post-thumbnail","hentry"],"_links":{"self":[{"href":"https:\/\/zspnowabrzeznica.pl\/index.php\/wp-json\/wp\/v2\/pages\/3722","targetHints":{"allow":["GET"]}}],"collection":[{"href":"https:\/\/zspnowabrzeznica.pl\/index.php\/wp-json\/wp\/v2\/pages"}],"about":[{"href":"https:\/\/zspnowabrzeznica.pl\/index.php\/wp-json\/wp\/v2\/types\/page"}],"author":[{"embeddable":true,"href":"https:\/\/zspnowabrzeznica.pl\/index.php\/wp-json\/wp\/v2\/users\/1"}],"replies":[{"embeddable":true,"href":"https:\/\/zspnowabrzeznica.pl\/index.php\/wp-json\/wp\/v2\/comments?post=3722"}],"version-history":[{"count":4,"href":"https:\/\/zspnowabrzeznica.pl\/index.php\/wp-json\/wp\/v2\/pages\/3722\/revisions"}],"predecessor-version":[{"id":3729,"href":"https:\/\/zspnowabrzeznica.pl\/index.php\/wp-json\/wp\/v2\/pages\/3722\/revisions\/3729"}],"wp:featuredmedia":[{"embeddable":true,"href":"https:\/\/zspnowabrzeznica.pl\/index.php\/wp-json\/wp\/v2\/media\/3723"}],"wp:attachment":[{"href":"https:\/\/zspnowabrzeznica.pl\/index.php\/wp-json\/wp\/v2\/media?parent=3722"}],"curies":[{"name":"wp","href":"https:\/\/api.w.org\/{rel}","templated":true}]}}