{"id":430,"date":"2025-03-19T10:20:07","date_gmt":"2025-03-19T10:20:07","guid":{"rendered":"https:\/\/zspnowabrzeznica.pl\/?page_id=430"},"modified":"2026-02-05T11:45:31","modified_gmt":"2026-02-05T11:45:31","slug":"szkola-podstawowa-rekrutacja","status":"publish","type":"page","link":"https:\/\/zspnowabrzeznica.pl\/index.php\/szkola-podstawowa-rekrutacja\/","title":{"rendered":"Szko\u0142a podstawowa &#8211; rekrutacja"},"content":{"rendered":"\n<h3 class=\"wp-block-heading has-text-align-center\">Rekrutacja do klas pierwszych szk\u00f3\u0142 podstawowych prowadzonych przez Gmin\u0119 Nowa Brze\u017anica na rok szkolny 2026\/2027<\/h3>\n\n\n\n<p>Rekrutacja do klas pierwszych w Zespole Szkolno \u2013 Przedszkolnym w Nowej Brze\u017anicy rozpoczyna si\u0119 23 lutego 2026 r. i trwa do 13 marca 2026 r. Rodzice proszeni s\u0105 o sk\u0142adanie wniosk\u00f3w w sekretariacie Zespo\u0142u. Do wniosku prosz\u0119 do\u0142\u0105czy\u0107 zdj\u0119cie dziecka w celu wyrobienia legitymacji szkolnej obowi\u0105zuj\u0105cej od 1 wrze\u015bnia 2026 r.<\/p>\n\n\n\n<p><img loading=\"lazy\" decoding=\"async\" width=\"40\" height=\"44\" class=\"wp-image-495\" style=\"width: 40px;\" src=\"https:\/\/zspnowabrzeznica.pl\/wp-content\/uploads\/2025\/03\/ikona-format-pdf.png\" alt=\"\" srcset=\"https:\/\/zspnowabrzeznica.pl\/wp-content\/uploads\/2025\/03\/ikona-format-pdf.png 40w, https:\/\/zspnowabrzeznica.pl\/wp-content\/uploads\/2025\/03\/ikona-format-pdf-22x24.png 22w, https:\/\/zspnowabrzeznica.pl\/wp-content\/uploads\/2025\/03\/ikona-format-pdf-33x36.png 33w\" sizes=\"auto, (max-width: 40px) 100vw, 40px\" \/> <a href=\"http:\/\/zspnowabrzeznica.pl\/download\/rekrutacja2026s-zarzadzenie.pdf\" target=\"_blank\" rel=\"noreferrer noopener\">Zarz\u0105dzenie W\u00f3jta Gminy Nowa Brze\u017anica<\/a><\/p>\n\n\n\n<p><img loading=\"lazy\" decoding=\"async\" width=\"40\" height=\"44\" class=\"wp-image-495\" style=\"width: 40px;\" src=\"https:\/\/zspnowabrzeznica.pl\/wp-content\/uploads\/2025\/03\/ikona-format-pdf.png\" alt=\"\" srcset=\"https:\/\/zspnowabrzeznica.pl\/wp-content\/uploads\/2025\/03\/ikona-format-pdf.png 40w, https:\/\/zspnowabrzeznica.pl\/wp-content\/uploads\/2025\/03\/ikona-format-pdf-22x24.png 22w, https:\/\/zspnowabrzeznica.pl\/wp-content\/uploads\/2025\/03\/ikona-format-pdf-33x36.png 33w\" sizes=\"auto, (max-width: 40px) 100vw, 40px\" \/> <a href=\"https:\/\/zspnowabrzeznica.pl\/download\/rekrutacja2026s-potwierdzenie.pdf\" target=\"_blank\" rel=\"noreferrer noopener\">Potwierdzenie woli przyj\u0119cia dziecka do klasy I<\/a><\/p>\n\n\n\n<p><img loading=\"lazy\" decoding=\"async\" width=\"40\" height=\"44\" class=\"wp-image-495\" style=\"width: 40px;\" src=\"https:\/\/zspnowabrzeznica.pl\/wp-content\/uploads\/2025\/03\/ikona-format-pdf.png\" alt=\"\" srcset=\"https:\/\/zspnowabrzeznica.pl\/wp-content\/uploads\/2025\/03\/ikona-format-pdf.png 40w, https:\/\/zspnowabrzeznica.pl\/wp-content\/uploads\/2025\/03\/ikona-format-pdf-22x24.png 22w, https:\/\/zspnowabrzeznica.pl\/wp-content\/uploads\/2025\/03\/ikona-format-pdf-33x36.png 33w\" sizes=\"auto, (max-width: 40px) 100vw, 40px\" \/> <a href=\"https:\/\/zspnowabrzeznica.pl\/download\/rekrutacja2026s-wniosek.pdf\" target=\"_blank\" rel=\"noreferrer noopener\">Wniosek<\/a><\/p>\n\n\n\n<p><\/p>\n","protected":false},"excerpt":{"rendered":"<p>Rekrutacja do klas pierwszych szk\u00f3\u0142 podstawowych prowadzonych przez Gmin\u0119 Nowa Brze\u017anica na rok szkolny 2026\/2027 Rekrutacja do klas pierwszych w [&hellip;]<\/p>\n","protected":false},"author":1,"featured_media":684,"parent":0,"menu_order":0,"comment_status":"closed","ping_status":"closed","template":"","meta":{"ngg_post_thumbnail":0,"footnotes":""},"class_list":["post-430","page","type-page","status-publish","has-post-thumbnail","hentry"],"_links":{"self":[{"href":"https:\/\/zspnowabrzeznica.pl\/index.php\/wp-json\/wp\/v2\/pages\/430","targetHints":{"allow":["GET"]}}],"collection":[{"href":"https:\/\/zspnowabrzeznica.pl\/index.php\/wp-json\/wp\/v2\/pages"}],"about":[{"href":"https:\/\/zspnowabrzeznica.pl\/index.php\/wp-json\/wp\/v2\/types\/page"}],"author":[{"embeddable":true,"href":"https:\/\/zspnowabrzeznica.pl\/index.php\/wp-json\/wp\/v2\/users\/1"}],"replies":[{"embeddable":true,"href":"https:\/\/zspnowabrzeznica.pl\/index.php\/wp-json\/wp\/v2\/comments?post=430"}],"version-history":[{"count":13,"href":"https:\/\/zspnowabrzeznica.pl\/index.php\/wp-json\/wp\/v2\/pages\/430\/revisions"}],"predecessor-version":[{"id":3857,"href":"https:\/\/zspnowabrzeznica.pl\/index.php\/wp-json\/wp\/v2\/pages\/430\/revisions\/3857"}],"wp:featuredmedia":[{"embeddable":true,"href":"https:\/\/zspnowabrzeznica.pl\/index.php\/wp-json\/wp\/v2\/media\/684"}],"wp:attachment":[{"href":"https:\/\/zspnowabrzeznica.pl\/index.php\/wp-json\/wp\/v2\/media?parent=430"}],"curies":[{"name":"wp","href":"https:\/\/api.w.org\/{rel}","templated":true}]}}