{"id":432,"date":"2025-03-19T10:20:24","date_gmt":"2025-03-19T10:20:24","guid":{"rendered":"https:\/\/zspnowabrzeznica.pl\/?page_id=432"},"modified":"2026-02-05T11:50:40","modified_gmt":"2026-02-05T11:50:40","slug":"przedszkole-rekrutacja","status":"publish","type":"page","link":"https:\/\/zspnowabrzeznica.pl\/index.php\/przedszkole-rekrutacja\/","title":{"rendered":"Przedszkole &#8211; rekrutacja"},"content":{"rendered":"\n<h3 class=\"wp-block-heading has-text-align-center\">Zasady rekrutacji do przedszkola i oddzia\u0142\u00f3w przedszkolnych w szko\u0142ach podstawowych prowadzonych przez Gmin\u0119 Nowa Brze\u017anica na rok szkolny 2026\/2027<\/h3>\n\n\n\n<ol start=\"1\" class=\"wp-block-list\">\n<li>W post\u0119powaniu rekrutacyjnym bior\u0105 udzia\u0142 dzieci urodzone w latach 2020-2023 (tj. dzieci 3-4-5 i 6-letnie) oraz dzieci z odroczonym obowi\u0105zkiem szkolnym.<\/li>\n\n\n\n<li>Dzieci urodzone w 2024 r. nie bior\u0105 udzia\u0142u w rekrutacji. Rodzice mog\u0105 ubiega\u0107 si\u0119 o przyj\u0119cie dopiero po uko\u0144czeniu przez dziecko 3 lat.<\/li>\n\n\n\n<li>Rodzice dzieci ju\u017c ucz\u0119szczaj\u0105cych do przedszkola i oddzia\u0142\u00f3w przedszkolnych w szko\u0142ach podstawowych sk\u0142adaj\u0105 deklaracj\u0119 o kontynuowaniu wychowania przedszkolnego w roku szkolnym 2026\/2027 w przedszkolu lub szkole, do kt\u00f3rej ucz\u0119szcza dziecko..(Za\u0142\u0105cznik nr 1)<\/li>\n\n\n\n<li>Deklaracj\u0119 nale\u017cy z\u0142o\u017cy\u0107 w terminie do 20 lutego 2026 r. Niez\u0142o\u017cenie deklaracji oznacza\u0107 b\u0119dzie rezygnacj\u0119 z miejsca w przedszkolu lub oddziale przedszkolnym w szkole podstawowej.&nbsp;<\/li>\n\n\n\n<li>Rodzice ubiegaj\u0105cy si\u0119 o przyj\u0119cie dziecka do przedszkola lub oddzia\u0142u przedszkolnego w szkole sk\u0142adaj\u0105 zg\u0142oszenie dziecka do przedszkola lub oddzia\u0142u przedszkolnego w terminach okre\u015blonych w harmonogramie. (Za\u0142\u0105cznik nr 2a \u2013 dziecko zamieszka\u0142e na terenie gminy. Za\u0142\u0105cznik nr 2b \u2013 dziecko zamieszka\u0142e poza obszarem gminy).<\/li>\n\n\n\n<li>W zg\u0142oszeniu o przyj\u0119cie rodzice wskazuj\u0105 wybrane przedszkole lub oddzia\u0142 przedszkolny w szkole w preferowanej kolejno\u015bci. Plac\u00f3wka wskazana jako pierwsza to przedszkole lub oddzia\u0142 przedszkolny w szkole pierwszego wyboru.<\/li>\n\n\n\n<li>Druk zg\u0142oszenia mo\u017cna pobra\u0107 w sekretariacie Zespo\u0142u, w przedszkolu lub oddzia\u0142ach przedszkolnych u wychowawc\u00f3w grup. Wype\u0142nione zg\u0142oszenie po podpisaniu przez obojga rodzic\u00f3w nale\u017cy z\u0142o\u017cy\u0107 razem z dokumentami\/o\u015bwiadczeniami potwierdzaj\u0105cymi kryteria rekrutacyjne, w sekretariacie Zespo\u0142u przy ul. Ko\u015bciuszki 100, w godz. 7.00 \u2013 15.00.<\/li>\n\n\n\n<li>Podpisy obojga rodzic\u00f3w dziecka s\u0105 potwierdzeniem zgodno\u015bci ze stanem faktycznym informacji zawartych w zg\u0142oszeniu\/deklaracji.<\/li>\n\n\n\n<li>Gdy jeden z rodzic\u00f3w nie mo\u017ce podpisa\u0107 zg\u0142oszenia\/deklaracji nale\u017cy do\u0142\u0105czy\u0107 o\u015bwiadczenie wyja\u015bniaj\u0105ce, dlaczego tylko jeden z rodzic\u00f3w go podpisuje i\/lub o\u015bwiadczenie, \u017ce oboje rodzice zgodnie podj\u0119li decyzj\u0119 o udziale dziecka w rekrutacji oraz uzgodnili dane zawarte w zg\u0142oszeniu.(Art. 97 \u00a7 1. Ustawa z dnia 25 lutego 1964 r. Kodeks rodzinny i opieku\u0144czy \u2013 \u201eJe\u017celi w\u0142adza rodzicielska przys\u0142uguje obojgu rodzicom, ka\u017cde z nich jest obowi\u0105zane i uprawnione do jej wykonywania; \u00a7 2. Jednak\u017ce o istotnych sprawach dziecka rodzice rozstrzygaj\u0105 wsp\u00f3lnie; w braku porozumienia mi\u0119dzy nimi rozstrzyga s\u0105d opieku\u0144czy\u201d)<\/li>\n\n\n\n<li>Do zg\u0142oszenia o przyj\u0119cie nale\u017cy do\u0142\u0105czy\u0107 dokumenty\/o\u015bwiadczenia potwierdzaj\u0105ce spe\u0142nianie kryteri\u00f3w.&nbsp;<\/li>\n\n\n\n<li>Zg\u0142oszenie o przyj\u0119cie dziecka rozpatruje komisja rekrutacyjna powo\u0142ana przez dyrektora Zespo\u0142u.<\/li>\n\n\n\n<li>Komisja ustala kolejno\u015b\u0107 przyj\u0119\u0107 na podstawie spe\u0142nianych przez kandydata kryteri\u00f3w:<br>1) w przypadku liczby kandydat\u00f3w wi\u0119kszej ni\u017c liczba wolnych miejsc na pierwszym etapie post\u0119powania rekrutacyjnego brane s\u0105 pod uwag\u0119 \u0142\u0105cznie kryteria okre\u015blone w art. 131 ust. 2 ustawy Prawo o\u015bwiatowe, tzw. kryteria ustawowe;<br>2) w przypadku r\u00f3wnorz\u0119dnych wynik\u00f3w uzyskanych na pierwszym etapie post\u0119powania rekrutacyjnego lub je\u017celi po jego zako\u0144czeniu przedszkole\/oddzia\u0142 przedszkolny w szkole nadal dysponuje wolnymi miejscami, na drugim etapie brane s\u0105 pod uwag\u0119 kryteria okre\u015blone w uchwale Rady Gminy, tzw. kryteria samorz\u0105dowe.<\/li>\n\n\n\n<li>Wyniki post\u0119powania rekrutacyjnego komisja rekrutacyjna podaje do publicznej wiadomo\u015bci w formie listy dzieci zakwalifikowanych i niezakwalifikowanych do przyj\u0119cia.<\/li>\n\n\n\n<li>Rodzice dzieci zakwalifikowanych do przyj\u0119cia potwierdzaj\u0105, w terminie okre\u015blonym w harmonogramie, wol\u0119 zapisu dziecka pisemnie \u2013 w przedszkolu\/oddziale przedszkolnym w szkole, do kt\u00f3rego dziecko zosta\u0142o zakwalifikowane. (Za\u0142\u0105cznik nr 3)<\/li>\n\n\n\n<li>Dziecko zostaje przyj\u0119te do przedszkola\/oddzia\u0142u przedszkolnego w szkole, je\u017celi zosta\u0142o zakwalifikowane do przyj\u0119cia i rodzice potwierdzili wol\u0119 zapisu. Komisja podaje do publicznej wiadomo\u015bci list\u0119 kandydat\u00f3w przyj\u0119tych i nieprzyj\u0119tych do przedszkola\/oddzia\u0142u przedszkolnego w szkole.<\/li>\n\n\n\n<li>Rodzice dzieci, kt\u00f3re nie zosta\u0142y przyj\u0119te, mog\u0105:<br>1) wnioskowa\u0107 do komisji rekrutacyjnej o sporz\u0105dzenie uzasadnienia odmowy przyj\u0119cia dziecka do przedszkola \u2013 w terminie 7 dni od dnia podania do publicznej wiadomo\u015bci listy dzieci przyj\u0119tych i nieprzyj\u0119tych;<br>2) po otrzymaniu uzasadnienia wnie\u015b\u0107 do dyrektora przedszkola\/szko\u0142y odwo\u0142anie<br>od rozstrzygni\u0119cia komisji rekrutacyjnej \u2013 w terminie 7 dni od dnia otrzymania uzasadnienia.<\/li>\n<\/ol>\n\n\n\n<p><\/p>\n\n\n\n<p><img loading=\"lazy\" decoding=\"async\" width=\"40\" height=\"44\" class=\"wp-image-495\" style=\"width: 40px;\" src=\"https:\/\/zspnowabrzeznica.pl\/wp-content\/uploads\/2025\/03\/ikona-format-pdf.png\" alt=\"\" srcset=\"https:\/\/zspnowabrzeznica.pl\/wp-content\/uploads\/2025\/03\/ikona-format-pdf.png 40w, https:\/\/zspnowabrzeznica.pl\/wp-content\/uploads\/2025\/03\/ikona-format-pdf-22x24.png 22w, https:\/\/zspnowabrzeznica.pl\/wp-content\/uploads\/2025\/03\/ikona-format-pdf-33x36.png 33w\" sizes=\"auto, (max-width: 40px) 100vw, 40px\" \/> <a href=\"https:\/\/zspnowabrzeznica.pl\/download\/rekrutacja2026p-zalacznik1.pdf\" target=\"_blank\" rel=\"noreferrer noopener\">Za\u0142\u0105cznik nr 1<\/a><\/p>\n\n\n\n<p><img loading=\"lazy\" decoding=\"async\" width=\"40\" height=\"44\" class=\"wp-image-495\" style=\"width: 40px;\" src=\"https:\/\/zspnowabrzeznica.pl\/wp-content\/uploads\/2025\/03\/ikona-format-pdf.png\" alt=\"\" srcset=\"https:\/\/zspnowabrzeznica.pl\/wp-content\/uploads\/2025\/03\/ikona-format-pdf.png 40w, https:\/\/zspnowabrzeznica.pl\/wp-content\/uploads\/2025\/03\/ikona-format-pdf-22x24.png 22w, https:\/\/zspnowabrzeznica.pl\/wp-content\/uploads\/2025\/03\/ikona-format-pdf-33x36.png 33w\" sizes=\"auto, (max-width: 40px) 100vw, 40px\" \/><a href=\"https:\/\/zspnowabrzeznica.pl\/download\/rekrutacja2026p-zalacznik2a.pdf\">Za\u0142\u0105cznik nr 2a<\/a><\/p>\n\n\n\n<p class=\"has-text-align-left\"><img loading=\"lazy\" decoding=\"async\" width=\"40\" height=\"44\" class=\"wp-image-495\" style=\"width: 40px;\" src=\"https:\/\/zspnowabrzeznica.pl\/wp-content\/uploads\/2025\/03\/ikona-format-pdf.png\" alt=\"\" srcset=\"https:\/\/zspnowabrzeznica.pl\/wp-content\/uploads\/2025\/03\/ikona-format-pdf.png 40w, https:\/\/zspnowabrzeznica.pl\/wp-content\/uploads\/2025\/03\/ikona-format-pdf-22x24.png 22w, https:\/\/zspnowabrzeznica.pl\/wp-content\/uploads\/2025\/03\/ikona-format-pdf-33x36.png 33w\" sizes=\"auto, (max-width: 40px) 100vw, 40px\" \/> <a href=\"https:\/\/zspnowabrzeznica.pl\/download\/rekrutacja2026p-zalacznik2b.pdf\">Za\u0142\u0105cznik nr 2b<\/a><\/p>\n\n\n\n<p><img loading=\"lazy\" decoding=\"async\" width=\"40\" height=\"44\" class=\"wp-image-495\" style=\"width: 40px;\" src=\"https:\/\/zspnowabrzeznica.pl\/wp-content\/uploads\/2025\/03\/ikona-format-pdf.png\" alt=\"\" srcset=\"https:\/\/zspnowabrzeznica.pl\/wp-content\/uploads\/2025\/03\/ikona-format-pdf.png 40w, https:\/\/zspnowabrzeznica.pl\/wp-content\/uploads\/2025\/03\/ikona-format-pdf-22x24.png 22w, https:\/\/zspnowabrzeznica.pl\/wp-content\/uploads\/2025\/03\/ikona-format-pdf-33x36.png 33w\" sizes=\"auto, (max-width: 40px) 100vw, 40px\" \/> <a href=\"https:\/\/zspnowabrzeznica.pl\/download\/rekrutacja2026p-zalacznik3.pdf\">Za\u0142\u0105cznik nr 3<\/a><\/p>\n\n\n\n<p class=\"has-text-align-left\"><img loading=\"lazy\" decoding=\"async\" width=\"40\" height=\"44\" class=\"wp-image-495\" style=\"width: 40px;\" src=\"https:\/\/zspnowabrzeznica.pl\/wp-content\/uploads\/2025\/03\/ikona-format-pdf.png\" alt=\"\" srcset=\"https:\/\/zspnowabrzeznica.pl\/wp-content\/uploads\/2025\/03\/ikona-format-pdf.png 40w, https:\/\/zspnowabrzeznica.pl\/wp-content\/uploads\/2025\/03\/ikona-format-pdf-22x24.png 22w, https:\/\/zspnowabrzeznica.pl\/wp-content\/uploads\/2025\/03\/ikona-format-pdf-33x36.png 33w\" sizes=\"auto, (max-width: 40px) 100vw, 40px\" \/> <a href=\"https:\/\/zspnowabrzeznica.pl\/download\/rekrutacja2026p-zarzadzenie.pdf\" target=\"_blank\" rel=\"noreferrer noopener\">Zarz\u0105dzenie W\u00f3jta Gminy<\/a>  <\/p>\n\n\n\n<p><\/p>\n","protected":false},"excerpt":{"rendered":"<p>Zasady rekrutacji do przedszkola i oddzia\u0142\u00f3w przedszkolnych w szko\u0142ach podstawowych prowadzonych przez Gmin\u0119 Nowa Brze\u017anica na rok szkolny 2026\/2027 Za\u0142\u0105cznik [&hellip;]<\/p>\n","protected":false},"author":1,"featured_media":685,"parent":0,"menu_order":0,"comment_status":"closed","ping_status":"closed","template":"","meta":{"ngg_post_thumbnail":0,"footnotes":""},"class_list":["post-432","page","type-page","status-publish","has-post-thumbnail","hentry"],"_links":{"self":[{"href":"https:\/\/zspnowabrzeznica.pl\/index.php\/wp-json\/wp\/v2\/pages\/432","targetHints":{"allow":["GET"]}}],"collection":[{"href":"https:\/\/zspnowabrzeznica.pl\/index.php\/wp-json\/wp\/v2\/pages"}],"about":[{"href":"https:\/\/zspnowabrzeznica.pl\/index.php\/wp-json\/wp\/v2\/types\/page"}],"author":[{"embeddable":true,"href":"https:\/\/zspnowabrzeznica.pl\/index.php\/wp-json\/wp\/v2\/users\/1"}],"replies":[{"embeddable":true,"href":"https:\/\/zspnowabrzeznica.pl\/index.php\/wp-json\/wp\/v2\/comments?post=432"}],"version-history":[{"count":10,"href":"https:\/\/zspnowabrzeznica.pl\/index.php\/wp-json\/wp\/v2\/pages\/432\/revisions"}],"predecessor-version":[{"id":3859,"href":"https:\/\/zspnowabrzeznica.pl\/index.php\/wp-json\/wp\/v2\/pages\/432\/revisions\/3859"}],"wp:featuredmedia":[{"embeddable":true,"href":"https:\/\/zspnowabrzeznica.pl\/index.php\/wp-json\/wp\/v2\/media\/685"}],"wp:attachment":[{"href":"https:\/\/zspnowabrzeznica.pl\/index.php\/wp-json\/wp\/v2\/media?parent=432"}],"curies":[{"name":"wp","href":"https:\/\/api.w.org\/{rel}","templated":true}]}}