{"id":448,"date":"2025-03-19T10:32:45","date_gmt":"2025-03-19T10:32:45","guid":{"rendered":"https:\/\/zspnowabrzeznica.pl\/?page_id=448"},"modified":"2025-03-21T18:14:26","modified_gmt":"2025-03-21T18:14:26","slug":"logopeda","status":"publish","type":"page","link":"https:\/\/zspnowabrzeznica.pl\/index.php\/logopeda\/","title":{"rendered":"Logopeda"},"content":{"rendered":"\n<h3 class=\"wp-block-heading has-text-align-center\">Logopedia oznacza wychowanie pod wzgl\u0119dem mowy.<\/h3>\n\n\n\n<p class=\"has-text-align-center\"><strong>\u0179r\u00f3d\u0142os\u0142\u00f3w<\/strong> <strong>grecki s\u0142owa logopedia (logos \u2013 s\u0142owo, mowa; paideia \u2013 wychowanie).<\/strong><\/p>\n\n\n\n<p class=\"has-text-align-center\"><img loading=\"lazy\" decoding=\"async\" width=\"339\" height=\"259\" class=\"wp-image-565\" style=\"width: 339px;\" src=\"https:\/\/zspnowabrzeznica.pl\/wp-content\/uploads\/2025\/03\/logopeda.png\" alt=\"\" srcset=\"https:\/\/zspnowabrzeznica.pl\/wp-content\/uploads\/2025\/03\/logopeda.png 399w, https:\/\/zspnowabrzeznica.pl\/wp-content\/uploads\/2025\/03\/logopeda-300x229.png 300w, https:\/\/zspnowabrzeznica.pl\/wp-content\/uploads\/2025\/03\/logopeda-24x18.png 24w, https:\/\/zspnowabrzeznica.pl\/wp-content\/uploads\/2025\/03\/logopeda-36x28.png 36w, https:\/\/zspnowabrzeznica.pl\/wp-content\/uploads\/2025\/03\/logopeda-70x54.png 70w\" sizes=\"auto, (max-width: 339px) 100vw, 339px\" \/><\/p>\n\n\n\n<p class=\"has-text-align-center\">Konsultacje logopedyczne dla Rodzic\u00f3w prowadzone przez logoped\u00f3w szkolnych<\/p>\n\n\n\n<p class=\"has-text-align-center\"><strong>Iwona Majewska<\/strong> \u2013 czwartki w godzinach 7:25 \u2013 8:25<\/p>\n\n\n\n<p class=\"has-text-align-center\"><strong>Sylwia Smolarz<\/strong> \u2013 \u015brody w godzinach 11:00 \u2013 12:00<\/p>\n\n\n\n<p>Szanowni Rodzice<br>Poni\u017cej przedstawiamy tematy oraz terminy spotka\u0144 z zakresu logopedii organizowanych przez Publiczn\u0105 Poradni\u0119 Psychologiczno \u2013 Pedagogiczn\u0105 w Paj\u0119cznie, na kt\u00f3re serdecznie zapraszamy:<\/p>\n\n\n\n<ul class=\"wp-block-list\">\n<li>Rodzic\u00f3w<br>16.01.2024r. o godz. 15:00 \u201eProfilaktyka logopedyczna na co dzie\u0144\u201d (zg\u0142oszenia do 09.01.2024r.)<\/li>\n<\/ul>\n\n\n\n<p><\/p>\n\n\n\n<ul class=\"wp-block-list\">\n<li>Dzieci<br>08.02.2024r. o godz. 10:00 \u201eMa\u0142y gadu\u0142a \u2013 zaj\u0119cia grupowe stymuluj\u0105ce rozw\u00f3j mowy dla dzieci przedszkolnych\u201d (zg\u0142oszenia do 01.02.2024r.)<\/li>\n<\/ul>\n","protected":false},"excerpt":{"rendered":"<p>Logopedia oznacza wychowanie pod wzgl\u0119dem mowy. \u0179r\u00f3d\u0142os\u0142\u00f3w grecki s\u0142owa logopedia (logos \u2013 s\u0142owo, mowa; paideia \u2013 wychowanie). Konsultacje logopedyczne dla [&hellip;]<\/p>\n","protected":false},"author":1,"featured_media":676,"parent":0,"menu_order":0,"comment_status":"closed","ping_status":"closed","template":"","meta":{"ngg_post_thumbnail":0,"footnotes":""},"class_list":["post-448","page","type-page","status-publish","has-post-thumbnail","hentry"],"_links":{"self":[{"href":"https:\/\/zspnowabrzeznica.pl\/index.php\/wp-json\/wp\/v2\/pages\/448","targetHints":{"allow":["GET"]}}],"collection":[{"href":"https:\/\/zspnowabrzeznica.pl\/index.php\/wp-json\/wp\/v2\/pages"}],"about":[{"href":"https:\/\/zspnowabrzeznica.pl\/index.php\/wp-json\/wp\/v2\/types\/page"}],"author":[{"embeddable":true,"href":"https:\/\/zspnowabrzeznica.pl\/index.php\/wp-json\/wp\/v2\/users\/1"}],"replies":[{"embeddable":true,"href":"https:\/\/zspnowabrzeznica.pl\/index.php\/wp-json\/wp\/v2\/comments?post=448"}],"version-history":[{"count":6,"href":"https:\/\/zspnowabrzeznica.pl\/index.php\/wp-json\/wp\/v2\/pages\/448\/revisions"}],"predecessor-version":[{"id":585,"href":"https:\/\/zspnowabrzeznica.pl\/index.php\/wp-json\/wp\/v2\/pages\/448\/revisions\/585"}],"wp:featuredmedia":[{"embeddable":true,"href":"https:\/\/zspnowabrzeznica.pl\/index.php\/wp-json\/wp\/v2\/media\/676"}],"wp:attachment":[{"href":"https:\/\/zspnowabrzeznica.pl\/index.php\/wp-json\/wp\/v2\/media?parent=448"}],"curies":[{"name":"wp","href":"https:\/\/api.w.org\/{rel}","templated":true}]}}