{"id":465,"date":"2025-03-19T10:39:34","date_gmt":"2025-03-19T10:39:34","guid":{"rendered":"https:\/\/zspnowabrzeznica.pl\/?page_id=465"},"modified":"2025-03-22T15:50:15","modified_gmt":"2025-03-22T15:50:15","slug":"szkoly-filialne","status":"publish","type":"page","link":"https:\/\/zspnowabrzeznica.pl\/index.php\/szkoly-filialne\/","title":{"rendered":"Szko\u0142y filialne"},"content":{"rendered":"\n<div class=\"wp-block-columns is-layout-flex wp-container-core-columns-is-layout-9d6595d7 wp-block-columns-is-layout-flex\">\n<div class=\"wp-block-column is-layout-flow wp-block-column-is-layout-flow\" style=\"flex-basis:33.33%\"><div class=\"wp-block-image\">\n<figure class=\"aligncenter size-full\"><img loading=\"lazy\" decoding=\"async\" width=\"500\" height=\"240\" src=\"https:\/\/zspnowabrzeznica.pl\/wp-content\/uploads\/2025\/03\/filie_dubidze.jpg\" alt=\"\" class=\"wp-image-704\" srcset=\"https:\/\/zspnowabrzeznica.pl\/wp-content\/uploads\/2025\/03\/filie_dubidze.jpg 500w, https:\/\/zspnowabrzeznica.pl\/wp-content\/uploads\/2025\/03\/filie_dubidze-300x144.jpg 300w, https:\/\/zspnowabrzeznica.pl\/wp-content\/uploads\/2025\/03\/filie_dubidze-24x12.jpg 24w, https:\/\/zspnowabrzeznica.pl\/wp-content\/uploads\/2025\/03\/filie_dubidze-36x17.jpg 36w, https:\/\/zspnowabrzeznica.pl\/wp-content\/uploads\/2025\/03\/filie_dubidze-70x34.jpg 70w\" sizes=\"auto, (max-width: 500px) 100vw, 500px\" \/><\/figure>\n<\/div><\/div>\n\n\n\n<div class=\"wp-block-column is-layout-flow wp-block-column-is-layout-flow\" style=\"flex-basis:66.66%\">\n<h3 class=\"wp-block-heading\">Publiczna Szko\u0142a Podstawowa w Nowej Brze\u017anicy Filia w Dubidzach<\/h3>\n\n\n\n<p>Dubidze ul. Szkolna 16<\/p>\n\n\n\n<p>98-331 Nowa Brze\u017anica<\/p>\n\n\n\n<p>tel. 34 311 96 60<\/p>\n<\/div>\n<\/div>\n\n\n\n<div class=\"wp-block-columns is-layout-flex wp-container-core-columns-is-layout-9d6595d7 wp-block-columns-is-layout-flex\">\n<div class=\"wp-block-column is-layout-flow wp-block-column-is-layout-flow\" style=\"flex-basis:33.33%\"><div class=\"wp-block-image\">\n<figure class=\"aligncenter size-full\"><img loading=\"lazy\" decoding=\"async\" width=\"500\" height=\"240\" src=\"https:\/\/zspnowabrzeznica.pl\/wp-content\/uploads\/2025\/03\/filie_dworszowice.jpg\" alt=\"\" class=\"wp-image-705\" srcset=\"https:\/\/zspnowabrzeznica.pl\/wp-content\/uploads\/2025\/03\/filie_dworszowice.jpg 500w, https:\/\/zspnowabrzeznica.pl\/wp-content\/uploads\/2025\/03\/filie_dworszowice-300x144.jpg 300w, https:\/\/zspnowabrzeznica.pl\/wp-content\/uploads\/2025\/03\/filie_dworszowice-24x12.jpg 24w, https:\/\/zspnowabrzeznica.pl\/wp-content\/uploads\/2025\/03\/filie_dworszowice-36x17.jpg 36w, https:\/\/zspnowabrzeznica.pl\/wp-content\/uploads\/2025\/03\/filie_dworszowice-70x34.jpg 70w\" sizes=\"auto, (max-width: 500px) 100vw, 500px\" \/><\/figure>\n<\/div><\/div>\n\n\n\n<div class=\"wp-block-column is-layout-flow wp-block-column-is-layout-flow\" style=\"flex-basis:66.66%\">\n<h3 class=\"wp-block-heading\">Publiczna Szko\u0142a Podstawowa w Nowej Brze\u017anicy Filia w Dworszowicach Ko\u015bcielnych<\/h3>\n\n\n\n<p>Dworszowice Ko\u015bcielne Kolonia 74<\/p>\n\n\n\n<p>98-331 Nowa Brze\u017anica<\/p>\n\n\n\n<p>tel. 34 311 92 56<\/p>\n<\/div>\n<\/div>\n\n\n\n<div class=\"wp-block-columns is-layout-flex wp-container-core-columns-is-layout-9d6595d7 wp-block-columns-is-layout-flex\">\n<div class=\"wp-block-column is-layout-flow wp-block-column-is-layout-flow\" style=\"flex-basis:33.33%\"><div class=\"wp-block-image\">\n<figure class=\"aligncenter size-full\"><img loading=\"lazy\" decoding=\"async\" width=\"500\" height=\"240\" src=\"https:\/\/zspnowabrzeznica.pl\/wp-content\/uploads\/2025\/03\/filie_prusicko.jpg\" alt=\"\" class=\"wp-image-706\" srcset=\"https:\/\/zspnowabrzeznica.pl\/wp-content\/uploads\/2025\/03\/filie_prusicko.jpg 500w, https:\/\/zspnowabrzeznica.pl\/wp-content\/uploads\/2025\/03\/filie_prusicko-300x144.jpg 300w, https:\/\/zspnowabrzeznica.pl\/wp-content\/uploads\/2025\/03\/filie_prusicko-24x12.jpg 24w, https:\/\/zspnowabrzeznica.pl\/wp-content\/uploads\/2025\/03\/filie_prusicko-36x17.jpg 36w, https:\/\/zspnowabrzeznica.pl\/wp-content\/uploads\/2025\/03\/filie_prusicko-70x34.jpg 70w\" sizes=\"auto, (max-width: 500px) 100vw, 500px\" \/><\/figure>\n<\/div><\/div>\n\n\n\n<div class=\"wp-block-column is-layout-flow wp-block-column-is-layout-flow\" style=\"flex-basis:66.66%\">\n<h3 class=\"wp-block-heading\">Publiczna Szko\u0142a Podstawowa w Nowej Brze\u017anicy Filia w Prusicku<\/h3>\n\n\n\n<p>Prusicko 73<\/p>\n\n\n\n<p>98-331 Nowa Brze\u017anica<\/p>\n\n\n\n<p>tel. 34 311 94 61<\/p>\n<\/div>\n<\/div>\n\n\n\n<h3 class=\"wp-block-heading\"><\/h3>\n\n\n\n<h3 class=\"wp-block-heading\"><\/h3>\n\n\n\n<p><\/p>\n\n\n\n<h3 class=\"wp-block-heading\"><\/h3>\n","protected":false},"excerpt":{"rendered":"<p>Publiczna Szko\u0142a Podstawowa w Nowej Brze\u017anicy Filia w Dubidzach Dubidze ul. Szkolna 16 98-331 Nowa Brze\u017anica tel. 34 311 96 [&hellip;]<\/p>\n","protected":false},"author":1,"featured_media":694,"parent":0,"menu_order":0,"comment_status":"closed","ping_status":"closed","template":"","meta":{"ngg_post_thumbnail":0,"footnotes":""},"class_list":["post-465","page","type-page","status-publish","has-post-thumbnail","hentry"],"_links":{"self":[{"href":"https:\/\/zspnowabrzeznica.pl\/index.php\/wp-json\/wp\/v2\/pages\/465","targetHints":{"allow":["GET"]}}],"collection":[{"href":"https:\/\/zspnowabrzeznica.pl\/index.php\/wp-json\/wp\/v2\/pages"}],"about":[{"href":"https:\/\/zspnowabrzeznica.pl\/index.php\/wp-json\/wp\/v2\/types\/page"}],"author":[{"embeddable":true,"href":"https:\/\/zspnowabrzeznica.pl\/index.php\/wp-json\/wp\/v2\/users\/1"}],"replies":[{"embeddable":true,"href":"https:\/\/zspnowabrzeznica.pl\/index.php\/wp-json\/wp\/v2\/comments?post=465"}],"version-history":[{"count":10,"href":"https:\/\/zspnowabrzeznica.pl\/index.php\/wp-json\/wp\/v2\/pages\/465\/revisions"}],"predecessor-version":[{"id":712,"href":"https:\/\/zspnowabrzeznica.pl\/index.php\/wp-json\/wp\/v2\/pages\/465\/revisions\/712"}],"wp:featuredmedia":[{"embeddable":true,"href":"https:\/\/zspnowabrzeznica.pl\/index.php\/wp-json\/wp\/v2\/media\/694"}],"wp:attachment":[{"href":"https:\/\/zspnowabrzeznica.pl\/index.php\/wp-json\/wp\/v2\/media?parent=465"}],"curies":[{"name":"wp","href":"https:\/\/api.w.org\/{rel}","templated":true}]}}