{"id":756,"date":"2025-03-22T17:07:51","date_gmt":"2025-03-22T17:07:51","guid":{"rendered":"https:\/\/zspnowabrzeznica.pl\/?page_id=756"},"modified":"2025-11-30T16:56:21","modified_gmt":"2025-11-30T16:56:21","slug":"narodowe-swieto-niepodleglosci","status":"publish","type":"page","link":"https:\/\/zspnowabrzeznica.pl\/index.php\/narodowe-swieto-niepodleglosci\/","title":{"rendered":"Akademia z okazji Narodowego \u015awi\u0119ta Niepodleg\u0142o\u015bci"},"content":{"rendered":"\n<h3 class=\"wp-block-heading has-text-align-center\">Galeria zdj\u0119\u0107 z uroczystej akademii z okazji Narodowego \u015awi\u0119ta Niepodleg\u0142o\u015bci<br><\/h3>\n\n\n\nngg_shortcode_0_placeholder\n","protected":false},"excerpt":{"rendered":"<p>Galeria zdj\u0119\u0107 z uroczystej akademii z okazji Narodowego \u015awi\u0119ta Niepodleg\u0142o\u015bci<\/p>\n","protected":false},"author":1,"featured_media":3020,"parent":0,"menu_order":0,"comment_status":"closed","ping_status":"closed","template":"","meta":{"ngg_post_thumbnail":0,"footnotes":""},"class_list":["post-756","page","type-page","status-publish","has-post-thumbnail","hentry"],"_links":{"self":[{"href":"https:\/\/zspnowabrzeznica.pl\/index.php\/wp-json\/wp\/v2\/pages\/756","targetHints":{"allow":["GET"]}}],"collection":[{"href":"https:\/\/zspnowabrzeznica.pl\/index.php\/wp-json\/wp\/v2\/pages"}],"about":[{"href":"https:\/\/zspnowabrzeznica.pl\/index.php\/wp-json\/wp\/v2\/types\/page"}],"author":[{"embeddable":true,"href":"https:\/\/zspnowabrzeznica.pl\/index.php\/wp-json\/wp\/v2\/users\/1"}],"replies":[{"embeddable":true,"href":"https:\/\/zspnowabrzeznica.pl\/index.php\/wp-json\/wp\/v2\/comments?post=756"}],"version-history":[{"count":24,"href":"https:\/\/zspnowabrzeznica.pl\/index.php\/wp-json\/wp\/v2\/pages\/756\/revisions"}],"predecessor-version":[{"id":3019,"href":"https:\/\/zspnowabrzeznica.pl\/index.php\/wp-json\/wp\/v2\/pages\/756\/revisions\/3019"}],"wp:featuredmedia":[{"embeddable":true,"href":"https:\/\/zspnowabrzeznica.pl\/index.php\/wp-json\/wp\/v2\/media\/3020"}],"wp:attachment":[{"href":"https:\/\/zspnowabrzeznica.pl\/index.php\/wp-json\/wp\/v2\/media?parent=756"}],"curies":[{"name":"wp","href":"https:\/\/api.w.org\/{rel}","templated":true}]}}