{"id":759,"date":"2025-03-22T17:15:00","date_gmt":"2025-03-22T17:15:00","guid":{"rendered":"https:\/\/zspnowabrzeznica.pl\/?page_id=759"},"modified":"2025-12-22T18:09:40","modified_gmt":"2025-12-22T18:09:40","slug":"zespol-nuty-i-my-wyrozniony","status":"publish","type":"page","link":"https:\/\/zspnowabrzeznica.pl\/index.php\/zespol-nuty-i-my-wyrozniony\/","title":{"rendered":"Nuty i My na podium!"},"content":{"rendered":"\n<p>Zesp\u00f3\u0142 Nuty i My zosta\u0142 wyr\u00f3\u017cniony w tegorocznej edycji og\u00f3lnopolskiego konkursu \u201eDobra AURA w\u0142\u0105cza EKOmy\u015blenie\u201d. Przyznane nam przez jury \u201e<strong>II wyr\u00f3\u017cnienie<\/strong>\u201d stanowi de facto trzeci\u0105 nagrod\u0119 w konkursie na piosenk\u0119 o tematyce ekologicznej w 2025 roku oraz jest ju\u017c trzecim sukcesem uczni\u00f3w naszej szko\u0142y w historii tego konkursu.<\/p>\n\n\n\n<p>Uczniowie, kt\u00f3rzy wzi\u0119li udzia\u0142 w nagraniach wyr\u00f3\u017cnionej piosenki (<strong>Lena, Edyta, Franciszek, Hanna, Oliwia, Maja, Julia i Maria<\/strong>) opr\u00f3cz pami\u0105tkowych dyplom\u00f3w oraz zestawu gad\u017cet\u00f3w otrzymali karty podarunkowe o warto\u015bci 500 z\u0142. <\/p>\n\n\n\n<p>Link do wynik\u00f3w konkursu na stronie organizatora: <a href=\"https:\/\/auraeko.pl\/konkursy\/ogolnopolski-konkurs-dobra-aura-wlacza-ekomyslenie-2025\">https:\/\/auraeko.pl\/konkursy\/ogolnopolski-konkurs-dobra-aura-wlacza-ekomyslenie-2025<\/a><\/p>\n\n\n\n<div class=\"wp-block-columns is-layout-flex wp-container-core-columns-is-layout-9d6595d7 wp-block-columns-is-layout-flex\">\n<div class=\"wp-block-column is-layout-flow wp-block-column-is-layout-flow\" style=\"flex-basis:25%\"><\/div>\n\n\n\n<div class=\"wp-block-column is-layout-flow wp-block-column-is-layout-flow\" style=\"flex-basis:50%\">\n<figure class=\"wp-block-video\"><video controls poster=\"https:\/\/zspnowabrzeznica.pl\/wp-content\/uploads\/2025\/12\/video-nutyimy-kzp.jpg\" src=\"https:\/\/zspnowabrzeznica.pl\/video\/video-nutyimy-kzp.mp4\"><\/video><\/figure>\n<\/div>\n\n\n\n<div class=\"wp-block-column is-layout-flow wp-block-column-is-layout-flow\" style=\"flex-basis:25%\"><\/div>\n<\/div>\n\n\n\nngg_shortcode_0_placeholder\n\n\n\n<p class=\"has-text-align-center\"><\/p>\n\n\n\n<p><\/p>\n","protected":false},"excerpt":{"rendered":"<p>Zesp\u00f3\u0142 Nuty i My zosta\u0142 wyr\u00f3\u017cniony w tegorocznej edycji og\u00f3lnopolskiego konkursu \u201eDobra AURA w\u0142\u0105cza EKOmy\u015blenie\u201d. Przyznane nam przez jury \u201eII [&hellip;]<\/p>\n","protected":false},"author":1,"featured_media":3620,"parent":0,"menu_order":0,"comment_status":"closed","ping_status":"closed","template":"","meta":{"ngg_post_thumbnail":0,"footnotes":""},"class_list":["post-759","page","type-page","status-publish","has-post-thumbnail","hentry"],"_links":{"self":[{"href":"https:\/\/zspnowabrzeznica.pl\/index.php\/wp-json\/wp\/v2\/pages\/759","targetHints":{"allow":["GET"]}}],"collection":[{"href":"https:\/\/zspnowabrzeznica.pl\/index.php\/wp-json\/wp\/v2\/pages"}],"about":[{"href":"https:\/\/zspnowabrzeznica.pl\/index.php\/wp-json\/wp\/v2\/types\/page"}],"author":[{"embeddable":true,"href":"https:\/\/zspnowabrzeznica.pl\/index.php\/wp-json\/wp\/v2\/users\/1"}],"replies":[{"embeddable":true,"href":"https:\/\/zspnowabrzeznica.pl\/index.php\/wp-json\/wp\/v2\/comments?post=759"}],"version-history":[{"count":34,"href":"https:\/\/zspnowabrzeznica.pl\/index.php\/wp-json\/wp\/v2\/pages\/759\/revisions"}],"predecessor-version":[{"id":3632,"href":"https:\/\/zspnowabrzeznica.pl\/index.php\/wp-json\/wp\/v2\/pages\/759\/revisions\/3632"}],"wp:featuredmedia":[{"embeddable":true,"href":"https:\/\/zspnowabrzeznica.pl\/index.php\/wp-json\/wp\/v2\/media\/3620"}],"wp:attachment":[{"href":"https:\/\/zspnowabrzeznica.pl\/index.php\/wp-json\/wp\/v2\/media?parent=759"}],"curies":[{"name":"wp","href":"https:\/\/api.w.org\/{rel}","templated":true}]}}